{"id":2203,"date":"2025-06-10T06:44:42","date_gmt":"2025-06-10T06:44:42","guid":{"rendered":"https:\/\/milestonebanden.nl\/mw01\/"},"modified":"2025-08-04T13:21:15","modified_gmt":"2025-08-04T13:21:15","slug":"mw01","status":"publish","type":"page","link":"https:\/\/milestonebanden.nl\/pt-pt\/pneus-inverno\/mw01\/","title":{"rendered":"Milestone MW01"},"content":{"rendered":"<p>[et_pb_section fb_built=&#8221;1&#8243; make_equal=&#8221;on&#8221; specialty=&#8221;on&#8221; _builder_version=&#8221;4.27.4&#8243; _module_preset=&#8221;default&#8221; use_background_color_gradient=&#8221;on&#8221; background_color_gradient_direction=&#8221;-58deg&#8221; background_color_gradient_stops=&#8221;#f4f4f4 62%|rgba(255,255,255,0) 62%&#8221; background_color_gradient_overlays_image=&#8221;on&#8221; background_image=&#8221;https:\/\/milestonebanden.nl\/wp-content\/uploads\/2025\/06\/milestone-mw01-nl.jpg&#8221; background_position=&#8221;center_left&#8221; inner_max_width=&#8221;1280px&#8221; custom_padding=&#8221;||0px||false|false&#8221; background_last_edited=&#8221;on|phone&#8221; use_background_color_gradient_phone=&#8221;on&#8221; background_color_gradient_stops_phone=&#8221;#f4f4f4 100%|rgba(255,255,255,0) 100%&#8221; custom_css_free_form=&#8221;@media (max-width: 767px) {||selector .et_pb_row {||display: flex!important;||flex-direction: column-reverse;||}||selector .et_pb_row .et_pb_image_0 {||position: relative!important;||}||selector .et_pb_column.et_pb_column_1_2.et_pb_column_0 {||margin-bottom: 0!important;||}||}&#8221; box_shadow_style=&#8221;preset3&#8243; global_colors_info=&#8221;{}&#8221;][et_pb_column type=&#8221;1_2&#8243; _builder_version=&#8221;4.16&#8243; custom_padding=&#8221;|||&#8221; global_colors_info=&#8221;{}&#8221; custom_padding__hover=&#8221;|||&#8221;][et_pb_image src=&#8221;https:\/\/milestonebanden.nl\/wp-content\/uploads\/2025\/07\/milestone-mw01-nl.png&#8221; alt=&#8221;Milestone MW01&#8243; title_text=&#8221;Milestone MW01&#8243; _builder_version=&#8221;4.27.4&#8243; _module_preset=&#8221;default&#8221; positioning=&#8221;absolute&#8221; position_origin_a=&#8221;bottom_center&#8221; width=&#8221;100%&#8221; global_colors_info=&#8221;{}&#8221;][\/et_pb_image][\/et_pb_column][et_pb_column type=&#8221;1_2&#8243; specialty_columns=&#8221;2&#8243; _builder_version=&#8221;4.16&#8243; custom_padding=&#8221;|||&#8221; global_colors_info=&#8221;{}&#8221; custom_padding__hover=&#8221;|||&#8221;][et_pb_row_inner _builder_version=&#8221;4.27.4&#8243; _module_preset=&#8221;default&#8221; custom_padding=&#8221;||12%||false|false&#8221; global_colors_info=&#8221;{}&#8221;][et_pb_column_inner saved_specialty_column_type=&#8221;1_2&#8243; _builder_version=&#8221;4.27.4&#8243; _module_preset=&#8221;default&#8221; global_colors_info=&#8221;{}&#8221;][et_pb_text _builder_version=&#8221;4.27.4&#8243; _module_preset=&#8221;default&#8221; text_font_size=&#8221;16px&#8221; text_line_height=&#8221;2em&#8221; ul_font_size=&#8221;16px&#8221; ul_line_height=&#8221;2em&#8221; header_font=&#8221;Ubuntu|700|||||||&#8221; header_text_color=&#8221;#009c60&#8243; header_font_size=&#8221;36px&#8221; custom_css_free_form=&#8221;selector li {||    padding-top: 1em;||}||||selector ::marker {||    font-family: FontAwesome;||    content: %22%92f00c%22;||    color: #009c60;||    font-size: 16px;||    padding-right: 40px !important;||}||selector li {||    padding-left: 10px;||    text-indent: 0px;||}&#8221; global_colors_info=&#8221;{}&#8221;]<\/p>\n<h1>Milestone MW01<\/h1>\n<p>Pneu de inverno para ve\u00edculos de passageiros. Garante ader\u00eancia, controlo e conforto em condi\u00e7\u00f5es de inverno como chuva, neve e gelo.<\/p>\n<ul>\n<li>Borracha e piso flex\u00edveis asseguram tra\u00e7\u00e3o em estradas com neve e gelo.<\/li>\n<li>Estabilidade e conforto tanto em seco como em condi\u00e7\u00f5es escorregadias \u2013 com melhor travagem e controlo em curva.<\/li>\n<li>Desempenho consistente ao longo da vida \u00fatil do pneu para seguran\u00e7a prolongada.<\/li>\n<\/ul>\n<p>[\/et_pb_text][\/et_pb_column_inner][\/et_pb_row_inner][\/et_pb_column][\/et_pb_section][et_pb_section fb_built=&#8221;1&#8243; _builder_version=&#8221;4.27.4&#8243; _module_preset=&#8221;default&#8221; custom_padding=&#8221;4%||4%||true|false&#8221; global_colors_info=&#8221;{}&#8221;][et_pb_row make_equal=&#8221;on&#8221; _builder_version=&#8221;4.27.4&#8243; _module_preset=&#8221;default&#8221; custom_padding=&#8221;||0px||false|false&#8221; global_colors_info=&#8221;{}&#8221;][et_pb_column type=&#8221;4_4&#8243; _builder_version=&#8221;4.27.4&#8243; _module_preset=&#8221;default&#8221; custom_css_main_element=&#8221;margin: auto 0 0;&#8221; global_colors_info=&#8221;{}&#8221;][et_pb_text _builder_version=&#8221;4.27.4&#8243; _module_preset=&#8221;default&#8221; text_font=&#8221;Ubuntu|700|||||||&#8221; text_font_size=&#8221;32px&#8221; global_colors_info=&#8221;{}&#8221;]Gama de medidas[\/et_pb_text][\/et_pb_column][\/et_pb_row][et_pb_row _builder_version=&#8221;4.27.4&#8243; _module_preset=&#8221;default&#8221; custom_padding=&#8221;||||false|false&#8221; global_colors_info=&#8221;{}&#8221;][et_pb_column type=&#8221;4_4&#8243; _builder_version=&#8221;4.27.4&#8243; _module_preset=&#8221;default&#8221; global_colors_info=&#8221;{}&#8221;][dipi_advanced_tabs use_tabs_fullwidth=&#8221;off&#8221; use_tabs_fullwidth_phone=&#8221;off&#8221; tabs_container_padding=&#8221;0px|0px|10px|0px|false|true&#8221; tabs_container_margin=&#8221;10px|0px|10px|0px|false|true&#8221; tabs_item_padding=&#8221;10px|10px|10px|20px|false|false&#8221; tabs_active_item_padding=&#8221;10px|10px|10px|20px|false|false&#8221; content_padding=&#8221;0px|0px|0px|0px|true|false&#8221; content_margin=&#8221;0px|10px|0px|0px|true|false&#8221; tabs_item_active_bg_color=&#8221;#009c60&#8243; _builder_version=&#8221;4.27.4&#8243; _module_preset=&#8221;default&#8221; title_font=&#8221;Ubuntu|700|||||||&#8221; title_font_size=&#8221;20px&#8221; title_active_text_color=&#8221;#FFFFFF&#8221; subtitle_font=&#8221;Ubuntu|700|||||||&#8221; subtitle_font_size=&#8221;18px&#8221; subtitle_active_text_color=&#8221;#FFFFFF&#8221; global_colors_info=&#8221;{}&#8221;][dipi_advanced_tabs_item title=&#8221;60&#8243; subtitle=&#8221;Series&#8221; _builder_version=&#8221;4.27.4&#8243; _module_preset=&#8221;default&#8221; global_colors_info=&#8221;{}&#8221;]\n<table id=\"tablepress-15\" class=\"tablepress tablepress-id-15\">\n<thead>\n<tr class=\"row-1\">\n\t<th class=\"column-1\">SIZE<\/th><th class=\"column-2\">XL<\/th><th class=\"column-3\">LI<\/th><th class=\"column-4\">SI<\/th><th class=\"column-5\"><img decoding=\"async\" src=\"https:\/\/milestonebanden.nl\/wp-content\/uploads\/2025\/06\/ico-fuel.png\" \/><\/th><th class=\"column-6\"><img decoding=\"async\" src=\"https:\/\/milestonebanden.nl\/wp-content\/uploads\/2025\/06\/ico-grip.png\" \/><\/th><th class=\"column-7\"><img decoding=\"async\" src=\"https:\/\/milestonebanden.nl\/wp-content\/uploads\/2025\/06\/ico-noise.png\" \/><\/th><th class=\"column-8\"><img decoding=\"async\" src=\"https:\/\/milestonebanden.nl\/wp-content\/uploads\/2025\/07\/ico-3pmsf.png\" \/><\/th><th class=\"column-9\">EPREL<\/th>\n<\/tr>\n<\/thead>\n<tbody class=\"row-striping row-hover\">\n<tr class=\"row-2\">\n\t<td class=\"column-1\">165 60 R15<\/td><td class=\"column-2\">XL<\/td><td class=\"column-3\">81<\/td><td class=\"column-4\">T<\/td><td class=\"column-5\"><\/td><td class=\"column-6\"><\/td><td class=\"column-7\"><\/td><td class=\"column-8\"><\/td><td class=\"column-9\"><\/td>\n<\/tr>\n<tr class=\"row-3\">\n\t<td class=\"column-1\">185 60 R15<\/td><td class=\"column-2\"><\/td><td class=\"column-3\">84<\/td><td class=\"column-4\">T<\/td><td class=\"column-5\"><\/td><td class=\"column-6\"><\/td><td class=\"column-7\"><\/td><td class=\"column-8\"><\/td><td class=\"column-9\"><\/td>\n<\/tr>\n<tr class=\"row-4\">\n\t<td class=\"column-1\">185 60 R15<\/td><td class=\"column-2\">XL<\/td><td class=\"column-3\">88<\/td><td class=\"column-4\">H<\/td><td class=\"column-5\"><\/td><td class=\"column-6\"><\/td><td class=\"column-7\"><\/td><td class=\"column-8\"><\/td><td class=\"column-9\"><\/td>\n<\/tr>\n<tr class=\"row-5\">\n\t<td class=\"column-1\">195 60 R15<\/td><td class=\"column-2\"><\/td><td class=\"column-3\">88<\/td><td class=\"column-4\">H<\/td><td class=\"column-5\"><\/td><td class=\"column-6\"><\/td><td class=\"column-7\"><\/td><td class=\"column-8\"><\/td><td class=\"column-9\"><\/td>\n<\/tr>\n<\/tbody>\n<\/table>\n<!-- #tablepress-15 from cache -->[\/dipi_advanced_tabs_item][dipi_advanced_tabs_item title=&#8221;65&#8243; subtitle=&#8221;Series&#8221; _builder_version=&#8221;4.27.4&#8243; _module_preset=&#8221;default&#8221; global_colors_info=&#8221;{}&#8221;]\n<table id=\"tablepress-16\" class=\"tablepress tablepress-id-16\">\n<thead>\n<tr class=\"row-1\">\n\t<th class=\"column-1\">SIZE<\/th><th class=\"column-2\">XL<\/th><th class=\"column-3\">LI<\/th><th class=\"column-4\">SI<\/th><th class=\"column-5\"><img decoding=\"async\" src=\"https:\/\/milestonebanden.nl\/wp-content\/uploads\/2025\/06\/ico-fuel.png\" \/><\/th><th class=\"column-6\"><img decoding=\"async\" src=\"https:\/\/milestonebanden.nl\/wp-content\/uploads\/2025\/06\/ico-grip.png\" \/><\/th><th class=\"column-7\"><img decoding=\"async\" src=\"https:\/\/milestonebanden.nl\/wp-content\/uploads\/2025\/06\/ico-noise.png\" \/><\/th><th class=\"column-8\"><img decoding=\"async\" src=\"https:\/\/milestonebanden.nl\/wp-content\/uploads\/2025\/07\/ico-3pmsf.png\" \/><\/th><th class=\"column-9\">EPREL<\/th>\n<\/tr>\n<\/thead>\n<tbody class=\"row-striping row-hover\">\n<tr class=\"row-2\">\n\t<td class=\"column-1\">155 65 R14<\/td><td class=\"column-2\"><\/td><td class=\"column-3\">75<\/td><td class=\"column-4\">T<\/td><td class=\"column-5\"><\/td><td class=\"column-6\"><\/td><td class=\"column-7\"><\/td><td class=\"column-8\"><\/td><td class=\"column-9\"><\/td>\n<\/tr>\n<tr class=\"row-3\">\n\t<td class=\"column-1\">175 65 R14<\/td><td class=\"column-2\">XL<\/td><td class=\"column-3\">86<\/td><td class=\"column-4\">T<\/td><td class=\"column-5\"><\/td><td class=\"column-6\"><\/td><td class=\"column-7\"><\/td><td class=\"column-8\"><\/td><td class=\"column-9\"><\/td>\n<\/tr>\n<tr class=\"row-4\">\n\t<td class=\"column-1\">175 65 R15<\/td><td class=\"column-2\"><\/td><td class=\"column-3\">84<\/td><td class=\"column-4\">T<\/td><td class=\"column-5\"><\/td><td class=\"column-6\"><\/td><td class=\"column-7\"><\/td><td class=\"column-8\"><\/td><td class=\"column-9\"><\/td>\n<\/tr>\n<tr class=\"row-5\">\n\t<td class=\"column-1\">185 65 R15<\/td><td class=\"column-2\"><\/td><td class=\"column-3\">88<\/td><td class=\"column-4\">T<\/td><td class=\"column-5\"><\/td><td class=\"column-6\"><\/td><td class=\"column-7\"><\/td><td class=\"column-8\"><\/td><td class=\"column-9\"><\/td>\n<\/tr>\n<tr class=\"row-6\">\n\t<td class=\"column-1\">195 65 R15<\/td><td class=\"column-2\"><\/td><td class=\"column-3\">91<\/td><td class=\"column-4\">H<\/td><td class=\"column-5\"><\/td><td class=\"column-6\"><\/td><td class=\"column-7\"><\/td><td class=\"column-8\"><\/td><td class=\"column-9\"><\/td>\n<\/tr>\n<tr class=\"row-7\">\n\t<td class=\"column-1\">195 65 R15<\/td><td class=\"column-2\">XL<\/td><td class=\"column-3\">95<\/td><td class=\"column-4\">T<\/td><td class=\"column-5\"><\/td><td class=\"column-6\"><\/td><td class=\"column-7\"><\/td><td class=\"column-8\"><\/td><td class=\"column-9\"><\/td>\n<\/tr>\n<\/tbody>\n<\/table>\n<!-- #tablepress-16 from cache -->[\/dipi_advanced_tabs_item][dipi_advanced_tabs_item title=&#8221;80&#8243; subtitle=&#8221;Series&#8221; _builder_version=&#8221;4.27.4&#8243; _module_preset=&#8221;default&#8221; global_colors_info=&#8221;{}&#8221;]\n<table id=\"tablepress-17\" class=\"tablepress tablepress-id-17\">\n<thead>\n<tr class=\"row-1\">\n\t<th class=\"column-1\">SIZE<\/th><th class=\"column-2\">XL<\/th><th class=\"column-3\">LI<\/th><th class=\"column-4\">SI<\/th><th class=\"column-5\"><img decoding=\"async\" src=\"https:\/\/milestonebanden.nl\/wp-content\/uploads\/2025\/06\/ico-fuel.png\" \/><\/th><th class=\"column-6\"><img decoding=\"async\" src=\"https:\/\/milestonebanden.nl\/wp-content\/uploads\/2025\/06\/ico-grip.png\" \/><\/th><th class=\"column-7\"><img decoding=\"async\" src=\"https:\/\/milestonebanden.nl\/wp-content\/uploads\/2025\/06\/ico-noise.png\" \/><\/th><th class=\"column-8\"><img decoding=\"async\" src=\"https:\/\/milestonebanden.nl\/wp-content\/uploads\/2025\/07\/ico-3pmsf.png\" \/><\/th><th class=\"column-9\">EPREL<\/th>\n<\/tr>\n<\/thead>\n<tbody class=\"row-striping row-hover\">\n<tr class=\"row-2\">\n\t<td class=\"column-1\">155 80 R13<\/td><td class=\"column-2\"><\/td><td class=\"column-3\">79<\/td><td class=\"column-4\">T<\/td><td class=\"column-5\"><\/td><td class=\"column-6\"><\/td><td class=\"column-7\"><\/td><td class=\"column-8\"><\/td><td class=\"column-9\"><\/td>\n<\/tr>\n<\/tbody>\n<\/table>\n<!-- #tablepress-17 from cache -->[\/dipi_advanced_tabs_item][\/dipi_advanced_tabs][\/et_pb_column][\/et_pb_row][et_pb_row make_equal=&#8221;on&#8221; _builder_version=&#8221;4.27.4&#8243; _module_preset=&#8221;default&#8221; custom_padding=&#8221;0px||||false|false&#8221; global_colors_info=&#8221;{}&#8221;][et_pb_column type=&#8221;4_4&#8243; _builder_version=&#8221;4.27.4&#8243; _module_preset=&#8221;default&#8221; custom_css_main_element=&#8221;margin: auto 0 0;&#8221; global_colors_info=&#8221;{}&#8221;][et_pb_button button_url=&#8221;https:\/\/milestonebanden.nl\/brochures\/Milestone-brochure-PT.pdf&#8221; url_new_window=&#8221;on&#8221; button_text=&#8221;Transferir brochura&#8221; button_alignment=&#8221;left&#8221; _builder_version=&#8221;4.27.4&#8243; _module_preset=&#8221;default&#8221; custom_button=&#8221;on&#8221; button_text_color=&#8221;#FFFFFF&#8221; button_bg_color=&#8221;#009c60&#8243; button_border_width=&#8221;0px&#8221; button_border_radius=&#8221;4px&#8221; button_font=&#8221;Ubuntu||||||||&#8221; button_use_icon=&#8221;off&#8221; custom_margin=&#8221;||||false|false&#8221; custom_padding=&#8221;8px||8px||true|false&#8221; hover_enabled=&#8221;0&#8243; global_colors_info=&#8221;{}&#8221; button_bg_color__hover_enabled=&#8221;on|hover&#8221; button_bg_color__hover=&#8221;#007649&#8243; button_bg_enable_color__hover=&#8221;on&#8221; sticky_enabled=&#8221;0&#8243;][\/et_pb_button][\/et_pb_column][\/et_pb_row][\/et_pb_section]<\/p>\n","protected":false},"excerpt":{"rendered":"<p>Milestone MW01 Pneu de inverno para ve\u00edculos de passageiros. Garante ader\u00eancia, controlo e conforto em condi\u00e7\u00f5es de inverno como chuva, neve e gelo. Borracha e piso flex\u00edveis asseguram tra\u00e7\u00e3o em estradas com neve e gelo. Estabilidade e conforto tanto em seco como em condi\u00e7\u00f5es escorregadias \u2013 com melhor travagem e controlo em curva. Desempenho consistente [&hellip;]<\/p>\n","protected":false},"author":1,"featured_media":0,"parent":4368,"menu_order":0,"comment_status":"closed","ping_status":"closed","template":"","meta":{"_et_pb_use_builder":"on","_et_pb_old_content":"","_et_gb_content_width":"","footnotes":""},"dipi_cpt_category":[],"class_list":["post-2203","page","type-page","status-publish","hentry"],"yoast_head":"<!-- This site is optimized with the Yoast SEO plugin v27.2 - https:\/\/yoast.com\/product\/yoast-seo-wordpress\/ -->\n<title>Milestone MW01 | Pneus Milestone<\/title>\n<meta name=\"description\" content=\"O Milestone MW01 \u00e9 um pneu de inverno para autom\u00f3veis de passageiros. Oferece ader\u00eancia, controlo e conforto em condi\u00e7\u00f5es de inverno.\" \/>\n<meta name=\"robots\" content=\"index, follow, max-snippet:-1, max-image-preview:large, max-video-preview:-1\" \/>\n<link rel=\"canonical\" href=\"https:\/\/milestonebanden.nl\/pt-pt\/mw01\/\" \/>\n<meta property=\"og:locale\" content=\"pt_PT\" \/>\n<meta property=\"og:type\" content=\"article\" \/>\n<meta property=\"og:title\" content=\"Milestone MW01 | Pneus Milestone\" \/>\n<meta property=\"og:description\" content=\"O Milestone MW01 \u00e9 um pneu de inverno para autom\u00f3veis de passageiros. Oferece ader\u00eancia, controlo e conforto em condi\u00e7\u00f5es de inverno.\" \/>\n<meta property=\"og:url\" content=\"https:\/\/milestonebanden.nl\/pt-pt\/mw01\/\" \/>\n<meta property=\"og:site_name\" content=\"Milestone banden\" \/>\n<meta property=\"article:modified_time\" content=\"2025-08-04T13:21:15+00:00\" \/>\n<meta name=\"twitter:card\" content=\"summary_large_image\" \/>\n<meta name=\"twitter:label1\" content=\"Tempo estimado de leitura\" \/>\n\t<meta name=\"twitter:data1\" content=\"2 minutos\" \/>\n<script type=\"application\/ld+json\" class=\"yoast-schema-graph\">{\"@context\":\"https:\/\/schema.org\",\"@graph\":[{\"@type\":\"WebPage\",\"@id\":\"https:\/\/milestonebanden.nl\/pt-pt\/mw01\/\",\"url\":\"https:\/\/milestonebanden.nl\/pt-pt\/mw01\/\",\"name\":\"Milestone MW01 | Pneus Milestone\",\"isPartOf\":{\"@id\":\"https:\/\/milestonebanden.nl\/#website\"},\"datePublished\":\"2025-06-10T06:44:42+00:00\",\"dateModified\":\"2025-08-04T13:21:15+00:00\",\"description\":\"O Milestone MW01 \u00e9 um pneu de inverno para autom\u00f3veis de passageiros. Oferece ader\u00eancia, controlo e conforto em condi\u00e7\u00f5es de inverno.\",\"breadcrumb\":{\"@id\":\"https:\/\/milestonebanden.nl\/pt-pt\/mw01\/#breadcrumb\"},\"inLanguage\":\"pt-PT\",\"potentialAction\":[{\"@type\":\"ReadAction\",\"target\":[\"https:\/\/milestonebanden.nl\/pt-pt\/mw01\/\"]}]},{\"@type\":\"BreadcrumbList\",\"@id\":\"https:\/\/milestonebanden.nl\/pt-pt\/mw01\/#breadcrumb\",\"itemListElement\":[{\"@type\":\"ListItem\",\"position\":1,\"name\":\"Home\",\"item\":\"https:\/\/milestonebanden.nl\/pt-pt\/\"},{\"@type\":\"ListItem\",\"position\":2,\"name\":\"Milestone MW01\"}]},{\"@type\":\"WebSite\",\"@id\":\"https:\/\/milestonebanden.nl\/#website\",\"url\":\"https:\/\/milestonebanden.nl\/\",\"name\":\"Milestone banden\",\"description\":\"More than just a journey!\",\"potentialAction\":[{\"@type\":\"SearchAction\",\"target\":{\"@type\":\"EntryPoint\",\"urlTemplate\":\"https:\/\/milestonebanden.nl\/?s={search_term_string}\"},\"query-input\":{\"@type\":\"PropertyValueSpecification\",\"valueRequired\":true,\"valueName\":\"search_term_string\"}}],\"inLanguage\":\"pt-PT\"}]}<\/script>\n<!-- \/ Yoast SEO plugin. -->","yoast_head_json":{"title":"Milestone MW01 | Pneus Milestone","description":"O Milestone MW01 \u00e9 um pneu de inverno para autom\u00f3veis de passageiros. Oferece ader\u00eancia, controlo e conforto em condi\u00e7\u00f5es de inverno.","robots":{"index":"index","follow":"follow","max-snippet":"max-snippet:-1","max-image-preview":"max-image-preview:large","max-video-preview":"max-video-preview:-1"},"canonical":"https:\/\/milestonebanden.nl\/pt-pt\/mw01\/","og_locale":"pt_PT","og_type":"article","og_title":"Milestone MW01 | Pneus Milestone","og_description":"O Milestone MW01 \u00e9 um pneu de inverno para autom\u00f3veis de passageiros. Oferece ader\u00eancia, controlo e conforto em condi\u00e7\u00f5es de inverno.","og_url":"https:\/\/milestonebanden.nl\/pt-pt\/mw01\/","og_site_name":"Milestone banden","article_modified_time":"2025-08-04T13:21:15+00:00","twitter_card":"summary_large_image","twitter_misc":{"Tempo estimado de leitura":"2 minutos"},"schema":{"@context":"https:\/\/schema.org","@graph":[{"@type":"WebPage","@id":"https:\/\/milestonebanden.nl\/pt-pt\/mw01\/","url":"https:\/\/milestonebanden.nl\/pt-pt\/mw01\/","name":"Milestone MW01 | Pneus Milestone","isPartOf":{"@id":"https:\/\/milestonebanden.nl\/#website"},"datePublished":"2025-06-10T06:44:42+00:00","dateModified":"2025-08-04T13:21:15+00:00","description":"O Milestone MW01 \u00e9 um pneu de inverno para autom\u00f3veis de passageiros. Oferece ader\u00eancia, controlo e conforto em condi\u00e7\u00f5es de inverno.","breadcrumb":{"@id":"https:\/\/milestonebanden.nl\/pt-pt\/mw01\/#breadcrumb"},"inLanguage":"pt-PT","potentialAction":[{"@type":"ReadAction","target":["https:\/\/milestonebanden.nl\/pt-pt\/mw01\/"]}]},{"@type":"BreadcrumbList","@id":"https:\/\/milestonebanden.nl\/pt-pt\/mw01\/#breadcrumb","itemListElement":[{"@type":"ListItem","position":1,"name":"Home","item":"https:\/\/milestonebanden.nl\/pt-pt\/"},{"@type":"ListItem","position":2,"name":"Milestone MW01"}]},{"@type":"WebSite","@id":"https:\/\/milestonebanden.nl\/#website","url":"https:\/\/milestonebanden.nl\/","name":"Milestone banden","description":"More than just a journey!","potentialAction":[{"@type":"SearchAction","target":{"@type":"EntryPoint","urlTemplate":"https:\/\/milestonebanden.nl\/?s={search_term_string}"},"query-input":{"@type":"PropertyValueSpecification","valueRequired":true,"valueName":"search_term_string"}}],"inLanguage":"pt-PT"}]}},"_links":{"self":[{"href":"https:\/\/milestonebanden.nl\/pt-pt\/wp-json\/wp\/v2\/pages\/2203","targetHints":{"allow":["GET"]}}],"collection":[{"href":"https:\/\/milestonebanden.nl\/pt-pt\/wp-json\/wp\/v2\/pages"}],"about":[{"href":"https:\/\/milestonebanden.nl\/pt-pt\/wp-json\/wp\/v2\/types\/page"}],"author":[{"embeddable":true,"href":"https:\/\/milestonebanden.nl\/pt-pt\/wp-json\/wp\/v2\/users\/1"}],"replies":[{"embeddable":true,"href":"https:\/\/milestonebanden.nl\/pt-pt\/wp-json\/wp\/v2\/comments?post=2203"}],"version-history":[{"count":6,"href":"https:\/\/milestonebanden.nl\/pt-pt\/wp-json\/wp\/v2\/pages\/2203\/revisions"}],"predecessor-version":[{"id":2487,"href":"https:\/\/milestonebanden.nl\/pt-pt\/wp-json\/wp\/v2\/pages\/2203\/revisions\/2487"}],"up":[{"embeddable":true,"href":"https:\/\/milestonebanden.nl\/pt-pt\/wp-json\/wp\/v2\/pages\/4368"}],"wp:attachment":[{"href":"https:\/\/milestonebanden.nl\/pt-pt\/wp-json\/wp\/v2\/media?parent=2203"}],"wp:term":[{"taxonomy":"dipi_cpt_category","embeddable":true,"href":"https:\/\/milestonebanden.nl\/pt-pt\/wp-json\/wp\/v2\/dipi_cpt_category?post=2203"}],"curies":[{"name":"wp","href":"https:\/\/api.w.org\/{rel}","templated":true}]}}