{"id":3329,"date":"2025-06-10T07:19:39","date_gmt":"2025-06-10T07:19:39","guid":{"rendered":"https:\/\/milestonebanden.nl\/over-milestone\/"},"modified":"2025-09-16T12:59:32","modified_gmt":"2025-09-16T12:59:32","slug":"chi-e-milestone","status":"publish","type":"page","link":"https:\/\/milestonebanden.nl\/it\/chi-e-milestone\/","title":{"rendered":"Chi \u00e8 Milestone"},"content":{"rendered":"<p>[et_pb_section fb_built=&#8221;1&#8243; _builder_version=&#8221;4.27.4&#8243; _module_preset=&#8221;default&#8221; use_background_color_gradient=&#8221;on&#8221; background_color_gradient_direction=&#8221;90deg&#8221; background_color_gradient_stops=&#8221;rgba(255,255,255,0.36) 0%|rgba(255,255,255,0) 70%&#8221; background_color_gradient_overlays_image=&#8221;on&#8221; background_image=&#8221;https:\/\/milestonebanden.nl\/wp-content\/uploads\/2025\/06\/bg-milestone.jpg&#8221; custom_padding=&#8221;5%||5%||true|false&#8221; global_colors_info=&#8221;{}&#8221;][et_pb_row _builder_version=&#8221;4.27.4&#8243; _module_preset=&#8221;default&#8221; max_width=&#8221;1280px&#8221; global_colors_info=&#8221;{}&#8221;][et_pb_column type=&#8221;4_4&#8243; _builder_version=&#8221;4.27.4&#8243; _module_preset=&#8221;default&#8221; global_colors_info=&#8221;{}&#8221;][et_pb_text _builder_version=&#8221;4.27.4&#8243; _module_preset=&#8221;default&#8221; text_text_color=&#8221;#FFFFFF&#8221; text_font_size=&#8221;22px&#8221; text_line_height=&#8221;1.8em&#8221; header_2_font=&#8221;|700|||||||&#8221; header_2_text_color=&#8221;#FFFFFF&#8221; header_2_font_size=&#8221;56px&#8221; header_2_font_size_tablet=&#8221;56px&#8221; header_2_font_size_phone=&#8221;38px&#8221; header_2_font_size_last_edited=&#8221;on|phone&#8221; text_text_shadow_style=&#8221;preset1&#8243; header_2_text_shadow_style=&#8221;preset1&#8243; header_2_text_shadow_vertical_length=&#8221;0.04em&#8221; header_2_text_shadow_color=&#8221;rgba(0,0,0,0.8)&#8221; global_colors_info=&#8221;{}&#8221;]<\/p>\n<h2>Chi \u00e8 Milestone<\/h2>\n<p>[\/et_pb_text][\/et_pb_column][\/et_pb_row][\/et_pb_section][et_pb_section fb_built=&#8221;1&#8243; _builder_version=&#8221;4.27.4&#8243; _module_preset=&#8221;default&#8221; background_color=&#8221;#f4f4f4&#8243; custom_padding=&#8221;6%||6%||true|false&#8221; global_colors_info=&#8221;{}&#8221;][et_pb_row column_structure=&#8221;2_3,1_3&#8243; _builder_version=&#8221;4.27.4&#8243; _module_preset=&#8221;default&#8221; global_colors_info=&#8221;{}&#8221;][et_pb_column type=&#8221;2_3&#8243; _builder_version=&#8221;4.27.4&#8243; _module_preset=&#8221;default&#8221; global_colors_info=&#8221;{}&#8221;][et_pb_text _builder_version=&#8221;4.27.4&#8243; _module_preset=&#8221;default&#8221; text_font_size=&#8221;16px&#8221; text_line_height=&#8221;2em&#8221; header_3_font=&#8221;|700|||||||&#8221; header_3_font_size=&#8221;30px&#8221; header_3_font_size_tablet=&#8221;30px&#8221; header_3_font_size_phone=&#8221;20px&#8221; header_3_font_size_last_edited=&#8221;on|phone&#8221; global_colors_info=&#8221;{}&#8221;]<\/p>\n<h3>Pneumatici Milestone<\/h3>\n<p>Milestone \u00e8 un marchio di pneumatici moderno che punta su qualit\u00e0, affidabilit\u00e0 e piacere di guida. Con attenzione alla tecnologia e ai dettagli, sviluppiamo pneumatici che offrono prestazioni ottimali in una variet\u00e0 di condizioni, partendo da controllo, sicurezza e fluidit\u00e0 di guida.<\/p>\n<p><strong>Qualit\u00e0 affidabile in ogni viaggio<\/strong><\/p>\n<p>I nostri pneumatici sono prodotti su moderne linee di produzione e soddisfano i pi\u00f9 elevati standard di sicurezza e qualit\u00e0. Grazie al design avanzato del battistrada, ai materiali resistenti e alla bassa resistenza al rotolamento, Milestone combina comfort, aderenza ed efficienza. In questo modo offriamo uno pneumatico adatto sia all\u2019uso quotidiano che ai lunghi viaggi.<\/p>\n<p>Milestone \u00e8 disponibile in un\u2019ampia gamma di pneumatici estivi, quattro stagioni e invernali per autovetture, SUV e veicoli commerciali.<\/p>\n<p><strong>Milestone, more than just a journey!<\/strong>[\/et_pb_text][\/et_pb_column][et_pb_column type=&#8221;1_3&#8243; _builder_version=&#8221;4.27.4&#8243; _module_preset=&#8221;default&#8221; background_color=&#8221;#FFFFFF&#8221; custom_padding=&#8221;2%|2%|2%|2%|true|true&#8221; custom_padding_tablet=&#8221;2%|2%|2%|2%|true|true&#8221; custom_padding_phone=&#8221;8%|6%|8%|6%|true|true&#8221; custom_padding_last_edited=&#8221;on|phone&#8221; border_radii=&#8221;on|4px|4px|4px|4px&#8221; global_colors_info=&#8221;{}&#8221;][et_pb_text _builder_version=&#8221;4.27.4&#8243; _module_preset=&#8221;default&#8221; text_font_size=&#8221;16px&#8221; text_line_height=&#8221;2em&#8221; header_3_font=&#8221;|700|||||||&#8221; header_3_text_color=&#8221;#009c60&#8243; header_3_font_size=&#8221;24px&#8221; header_3_font_size_tablet=&#8221;24px&#8221; header_3_font_size_phone=&#8221;20px&#8221; header_3_font_size_last_edited=&#8221;on|phone&#8221; global_colors_info=&#8221;{}&#8221;]<\/p>\n<h3>Specialista Milestone<\/h3>\n<p>Il nostro specialista \u00e8 pronto per te. Contattaci senza impegno.[\/et_pb_text][et_pb_image src=&#8221;https:\/\/milestonebanden.nl\/wp-content\/uploads\/2025\/06\/plr.png&#8221; title_text=&#8221;plr&#8221; _builder_version=&#8221;4.27.4&#8243; _module_preset=&#8221;default&#8221; background_color=&#8221;#f4f4f4&#8243; background_enable_pattern_style=&#8221;on&#8221; background_pattern_style=&#8221;diagonal-stripes-2&#8243; background_pattern_color=&#8221;rgba(0,0,0,0.02)&#8221; custom_padding=&#8221;4%|16%|||false|false&#8221; global_colors_info=&#8221;{}&#8221;][\/et_pb_image][et_pb_button button_url=&#8221;tel:+31168392000&#8243; button_text=&#8221;Contattaci per telefono&#8221; button_alignment=&#8221;center&#8221; _builder_version=&#8221;4.27.4&#8243; _module_preset=&#8221;default&#8221; custom_button=&#8221;on&#8221; button_text_color=&#8221;#FFFFFF&#8221; button_bg_color=&#8221;#009c60&#8243; button_border_width=&#8221;0px&#8221; button_border_radius=&#8221;4px&#8221; button_font=&#8221;Ubuntu||||||||&#8221; button_use_icon=&#8221;off&#8221; custom_margin=&#8221;||||false|false&#8221; custom_padding=&#8221;8px||8px||true|false&#8221; hover_enabled=&#8221;1&#8243; custom_css_main_element=&#8221;width: 100%!important;&#8221; global_colors_info=&#8221;{}&#8221; button_bg_color__hover_enabled=&#8221;on|hover&#8221; button_bg_color__hover=&#8221;#007649&#8243; button_bg_enable_color__hover=&#8221;on&#8221;][\/et_pb_button][et_pb_button button_url=&#8221;mailto:sales@inter-sprint.nl&#8221; button_text=&#8221;Contattaci via e-mail&#8221; button_alignment=&#8221;center&#8221; _builder_version=&#8221;4.27.4&#8243; _module_preset=&#8221;default&#8221; custom_button=&#8221;on&#8221; button_text_color=&#8221;#009c60&#8243; button_bg_color=&#8221;#f4f4f4&#8243; button_border_width=&#8221;0px&#8221; button_border_radius=&#8221;4px&#8221; button_font=&#8221;Ubuntu||||||||&#8221; button_use_icon=&#8221;off&#8221; custom_margin=&#8221;||||false|false&#8221; custom_padding=&#8221;8px||8px||true|false&#8221; custom_css_main_element=&#8221;width: 100%!important;&#8221; global_colors_info=&#8221;{}&#8221; button_bg_color__hover_enabled=&#8221;on|hover&#8221; button_bg_color__hover=&#8221;#eaeaea&#8221; button_bg_enable_color__hover=&#8221;on&#8221;][\/et_pb_button][\/et_pb_column][\/et_pb_row][\/et_pb_section]<\/p>\n","protected":false},"excerpt":{"rendered":"<p>Chi \u00e8 MilestonePneumatici Milestone Milestone \u00e8 un marchio di pneumatici moderno che punta su qualit\u00e0, affidabilit\u00e0 e piacere di guida. Con attenzione alla tecnologia e ai dettagli, sviluppiamo pneumatici che offrono prestazioni ottimali in una variet\u00e0 di condizioni, partendo da controllo, sicurezza e fluidit\u00e0 di guida. Qualit\u00e0 affidabile in ogni viaggio I nostri pneumatici sono [&hellip;]<\/p>\n","protected":false},"author":1,"featured_media":0,"parent":0,"menu_order":0,"comment_status":"closed","ping_status":"closed","template":"","meta":{"_et_pb_use_builder":"on","_et_pb_old_content":"<!-- wp:divi\/placeholder \/-->","_et_gb_content_width":"","footnotes":""},"dipi_cpt_category":[],"class_list":["post-3329","page","type-page","status-publish","hentry"],"yoast_head":"<!-- This site is optimized with the Yoast SEO plugin v27.2 - https:\/\/yoast.com\/product\/yoast-seo-wordpress\/ -->\n<title>Chi \u00e8 Milestone | Pneumatici Milestone<\/title>\n<meta name=\"description\" content=\"Milestone offre una gamma accuratamente selezionata di pneumatici per ogni stagione \u2013 e tutto questo a prezzi vantaggiosi.\" \/>\n<meta name=\"robots\" content=\"index, follow, max-snippet:-1, max-image-preview:large, max-video-preview:-1\" \/>\n<link rel=\"canonical\" href=\"https:\/\/milestonebanden.nl\/it\/chi-e-milestone\/\" \/>\n<meta property=\"og:locale\" content=\"it_IT\" \/>\n<meta property=\"og:type\" content=\"article\" \/>\n<meta property=\"og:title\" content=\"Chi \u00e8 Milestone | Pneumatici Milestone\" \/>\n<meta property=\"og:description\" content=\"Milestone offre una gamma accuratamente selezionata di pneumatici per ogni stagione \u2013 e tutto questo a prezzi vantaggiosi.\" \/>\n<meta property=\"og:url\" content=\"https:\/\/milestonebanden.nl\/it\/chi-e-milestone\/\" \/>\n<meta property=\"og:site_name\" content=\"Milestone banden\" \/>\n<meta property=\"article:modified_time\" content=\"2025-09-16T12:59:32+00:00\" \/>\n<meta name=\"twitter:card\" content=\"summary_large_image\" \/>\n<meta name=\"twitter:label1\" content=\"Tempo di lettura stimato\" \/>\n\t<meta name=\"twitter:data1\" content=\"1 minuto\" \/>\n<script type=\"application\/ld+json\" class=\"yoast-schema-graph\">{\"@context\":\"https:\/\/schema.org\",\"@graph\":[{\"@type\":\"WebPage\",\"@id\":\"https:\/\/milestonebanden.nl\/it\/chi-e-milestone\/\",\"url\":\"https:\/\/milestonebanden.nl\/it\/chi-e-milestone\/\",\"name\":\"Chi \u00e8 Milestone | Pneumatici Milestone\",\"isPartOf\":{\"@id\":\"https:\/\/milestonebanden.nl\/#website\"},\"datePublished\":\"2025-06-10T07:19:39+00:00\",\"dateModified\":\"2025-09-16T12:59:32+00:00\",\"description\":\"Milestone offre una gamma accuratamente selezionata di pneumatici per ogni stagione \u2013 e tutto questo a prezzi vantaggiosi.\",\"breadcrumb\":{\"@id\":\"https:\/\/milestonebanden.nl\/it\/chi-e-milestone\/#breadcrumb\"},\"inLanguage\":\"it-IT\",\"potentialAction\":[{\"@type\":\"ReadAction\",\"target\":[\"https:\/\/milestonebanden.nl\/it\/chi-e-milestone\/\"]}]},{\"@type\":\"BreadcrumbList\",\"@id\":\"https:\/\/milestonebanden.nl\/it\/chi-e-milestone\/#breadcrumb\",\"itemListElement\":[{\"@type\":\"ListItem\",\"position\":1,\"name\":\"Home\",\"item\":\"https:\/\/milestonebanden.nl\/it\/\"},{\"@type\":\"ListItem\",\"position\":2,\"name\":\"Chi \u00e8 Milestone\"}]},{\"@type\":\"WebSite\",\"@id\":\"https:\/\/milestonebanden.nl\/#website\",\"url\":\"https:\/\/milestonebanden.nl\/\",\"name\":\"Milestone banden\",\"description\":\"More than just a journey!\",\"potentialAction\":[{\"@type\":\"SearchAction\",\"target\":{\"@type\":\"EntryPoint\",\"urlTemplate\":\"https:\/\/milestonebanden.nl\/?s={search_term_string}\"},\"query-input\":{\"@type\":\"PropertyValueSpecification\",\"valueRequired\":true,\"valueName\":\"search_term_string\"}}],\"inLanguage\":\"it-IT\"}]}<\/script>\n<!-- \/ Yoast SEO plugin. -->","yoast_head_json":{"title":"Chi \u00e8 Milestone | Pneumatici Milestone","description":"Milestone offre una gamma accuratamente selezionata di pneumatici per ogni stagione \u2013 e tutto questo a prezzi vantaggiosi.","robots":{"index":"index","follow":"follow","max-snippet":"max-snippet:-1","max-image-preview":"max-image-preview:large","max-video-preview":"max-video-preview:-1"},"canonical":"https:\/\/milestonebanden.nl\/it\/chi-e-milestone\/","og_locale":"it_IT","og_type":"article","og_title":"Chi \u00e8 Milestone | Pneumatici Milestone","og_description":"Milestone offre una gamma accuratamente selezionata di pneumatici per ogni stagione \u2013 e tutto questo a prezzi vantaggiosi.","og_url":"https:\/\/milestonebanden.nl\/it\/chi-e-milestone\/","og_site_name":"Milestone banden","article_modified_time":"2025-09-16T12:59:32+00:00","twitter_card":"summary_large_image","twitter_misc":{"Tempo di lettura stimato":"1 minuto"},"schema":{"@context":"https:\/\/schema.org","@graph":[{"@type":"WebPage","@id":"https:\/\/milestonebanden.nl\/it\/chi-e-milestone\/","url":"https:\/\/milestonebanden.nl\/it\/chi-e-milestone\/","name":"Chi \u00e8 Milestone | Pneumatici Milestone","isPartOf":{"@id":"https:\/\/milestonebanden.nl\/#website"},"datePublished":"2025-06-10T07:19:39+00:00","dateModified":"2025-09-16T12:59:32+00:00","description":"Milestone offre una gamma accuratamente selezionata di pneumatici per ogni stagione \u2013 e tutto questo a prezzi vantaggiosi.","breadcrumb":{"@id":"https:\/\/milestonebanden.nl\/it\/chi-e-milestone\/#breadcrumb"},"inLanguage":"it-IT","potentialAction":[{"@type":"ReadAction","target":["https:\/\/milestonebanden.nl\/it\/chi-e-milestone\/"]}]},{"@type":"BreadcrumbList","@id":"https:\/\/milestonebanden.nl\/it\/chi-e-milestone\/#breadcrumb","itemListElement":[{"@type":"ListItem","position":1,"name":"Home","item":"https:\/\/milestonebanden.nl\/it\/"},{"@type":"ListItem","position":2,"name":"Chi \u00e8 Milestone"}]},{"@type":"WebSite","@id":"https:\/\/milestonebanden.nl\/#website","url":"https:\/\/milestonebanden.nl\/","name":"Milestone banden","description":"More than just a journey!","potentialAction":[{"@type":"SearchAction","target":{"@type":"EntryPoint","urlTemplate":"https:\/\/milestonebanden.nl\/?s={search_term_string}"},"query-input":{"@type":"PropertyValueSpecification","valueRequired":true,"valueName":"search_term_string"}}],"inLanguage":"it-IT"}]}},"_links":{"self":[{"href":"https:\/\/milestonebanden.nl\/it\/wp-json\/wp\/v2\/pages\/3329","targetHints":{"allow":["GET"]}}],"collection":[{"href":"https:\/\/milestonebanden.nl\/it\/wp-json\/wp\/v2\/pages"}],"about":[{"href":"https:\/\/milestonebanden.nl\/it\/wp-json\/wp\/v2\/types\/page"}],"author":[{"embeddable":true,"href":"https:\/\/milestonebanden.nl\/it\/wp-json\/wp\/v2\/users\/1"}],"replies":[{"embeddable":true,"href":"https:\/\/milestonebanden.nl\/it\/wp-json\/wp\/v2\/comments?post=3329"}],"version-history":[{"count":9,"href":"https:\/\/milestonebanden.nl\/it\/wp-json\/wp\/v2\/pages\/3329\/revisions"}],"predecessor-version":[{"id":3431,"href":"https:\/\/milestonebanden.nl\/it\/wp-json\/wp\/v2\/pages\/3329\/revisions\/3431"}],"wp:attachment":[{"href":"https:\/\/milestonebanden.nl\/it\/wp-json\/wp\/v2\/media?parent=3329"}],"wp:term":[{"taxonomy":"dipi_cpt_category","embeddable":true,"href":"https:\/\/milestonebanden.nl\/it\/wp-json\/wp\/v2\/dipi_cpt_category?post=3329"}],"curies":[{"name":"wp","href":"https:\/\/api.w.org\/{rel}","templated":true}]}}