{"id":2775,"date":"2025-06-10T07:19:39","date_gmt":"2025-06-10T07:19:39","guid":{"rendered":"https:\/\/milestonebanden.nl\/over-milestone\/"},"modified":"2025-09-15T12:50:29","modified_gmt":"2025-09-15T12:50:29","slug":"a-propos-de-milestone","status":"publish","type":"page","link":"https:\/\/milestonebanden.nl\/fr\/a-propos-de-milestone\/","title":{"rendered":"\u00c0 propos de Milestone"},"content":{"rendered":"<p>[et_pb_section fb_built=\u00a0\u00bb1&Prime; _builder_version=\u00a0\u00bb4.27.4&Prime; _module_preset=\u00a0\u00bbdefault\u00a0\u00bb use_background_color_gradient=\u00a0\u00bbon\u00a0\u00bb background_color_gradient_direction=\u00a0\u00bb90deg\u00a0\u00bb background_color_gradient_stops=\u00a0\u00bbrgba(255,255,255,0.36) 0%|rgba(255,255,255,0) 70%\u00a0\u00bb background_color_gradient_overlays_image=\u00a0\u00bbon\u00a0\u00bb background_image=\u00a0\u00bbhttps:\/\/milestonebanden.nl\/wp-content\/uploads\/2025\/06\/bg-milestone.jpg\u00a0\u00bb custom_padding=\u00a0\u00bb5%||5%||true|false\u00a0\u00bb global_colors_info=\u00a0\u00bb{}\u00a0\u00bb][et_pb_row _builder_version=\u00a0\u00bb4.27.4&Prime; _module_preset=\u00a0\u00bbdefault\u00a0\u00bb max_width=\u00a0\u00bb1280px\u00a0\u00bb global_colors_info=\u00a0\u00bb{}\u00a0\u00bb][et_pb_column type=\u00a0\u00bb4_4&Prime; _builder_version=\u00a0\u00bb4.27.4&Prime; _module_preset=\u00a0\u00bbdefault\u00a0\u00bb global_colors_info=\u00a0\u00bb{}\u00a0\u00bb][et_pb_text _builder_version=\u00a0\u00bb4.27.4&Prime; _module_preset=\u00a0\u00bbdefault\u00a0\u00bb text_text_color=\u00a0\u00bb#FFFFFF\u00a0\u00bb text_font_size=\u00a0\u00bb22px\u00a0\u00bb text_line_height=\u00a0\u00bb1.8em\u00a0\u00bb header_2_font=\u00a0\u00bb|700|||||||\u00a0\u00bb header_2_text_color=\u00a0\u00bb#FFFFFF\u00a0\u00bb header_2_font_size=\u00a0\u00bb56px\u00a0\u00bb header_2_font_size_tablet=\u00a0\u00bb56px\u00a0\u00bb header_2_font_size_phone=\u00a0\u00bb38px\u00a0\u00bb header_2_font_size_last_edited=\u00a0\u00bbon|phone\u00a0\u00bb text_text_shadow_style=\u00a0\u00bbpreset1&Prime; header_2_text_shadow_style=\u00a0\u00bbpreset1&Prime; header_2_text_shadow_vertical_length=\u00a0\u00bb0.04em\u00a0\u00bb header_2_text_shadow_color=\u00a0\u00bbrgba(0,0,0,0.8)\u00a0\u00bb global_colors_info=\u00a0\u00bb{}\u00a0\u00bb]<\/p>\n<h2>\u00c0 propos de Milestone<\/h2>\n<p>[\/et_pb_text][\/et_pb_column][\/et_pb_row][\/et_pb_section][et_pb_section fb_built=\u00a0\u00bb1&Prime; _builder_version=\u00a0\u00bb4.27.4&Prime; _module_preset=\u00a0\u00bbdefault\u00a0\u00bb background_color=\u00a0\u00bb#f4f4f4&Prime; custom_padding=\u00a0\u00bb6%||6%||true|false\u00a0\u00bb global_colors_info=\u00a0\u00bb{}\u00a0\u00bb][et_pb_row column_structure=\u00a0\u00bb2_3,1_3&Prime; _builder_version=\u00a0\u00bb4.27.4&Prime; _module_preset=\u00a0\u00bbdefault\u00a0\u00bb global_colors_info=\u00a0\u00bb{}\u00a0\u00bb][et_pb_column type=\u00a0\u00bb2_3&Prime; _builder_version=\u00a0\u00bb4.27.4&Prime; _module_preset=\u00a0\u00bbdefault\u00a0\u00bb global_colors_info=\u00a0\u00bb{}\u00a0\u00bb][et_pb_text _builder_version=\u00a0\u00bb4.27.4&Prime; _module_preset=\u00a0\u00bbdefault\u00a0\u00bb text_font_size=\u00a0\u00bb16px\u00a0\u00bb text_line_height=\u00a0\u00bb2em\u00a0\u00bb header_3_font=\u00a0\u00bb|700|||||||\u00a0\u00bb header_3_font_size=\u00a0\u00bb30px\u00a0\u00bb header_3_font_size_tablet=\u00a0\u00bb30px\u00a0\u00bb header_3_font_size_phone=\u00a0\u00bb20px\u00a0\u00bb header_3_font_size_last_edited=\u00a0\u00bbon|phone\u00a0\u00bb global_colors_info=\u00a0\u00bb{}\u00a0\u00bb]<\/p>\n<h3>Pneus Milestone<\/h3>\n<p>Milestone est une marque de pneus moderne privil\u00e9giant la qualit\u00e9, la fiabilit\u00e9 et le plaisir de conduite. Soucieux de la technologie, nous d\u00e9veloppons des pneus performants en toutes conditions en garantissant contr\u00f4le, s\u00e9curit\u00e9 et fluidit\u00e9 de conduite.<\/p>\n<p><strong>Une qualit\u00e9 fiable \u00e0 chaque trajet<\/strong><\/p>\n<p>Nos pneus sont fabriqu\u00e9s sur des lignes de production dernier cri et r\u00e9pondent aux normes de s\u00e9curit\u00e9 et de qualit\u00e9 les plus strictes. Gr\u00e2ce \u00e0 des sculptures de bande de roulement avanc\u00e9es, des mat\u00e9riaux durables et une faible r\u00e9sistance au roulement, Milestone allie confort, adh\u00e9rence et efficacit\u00e9. Nous proposons ainsi un pneu adapt\u00e9 \u00e0 un usage quotidien comme aux longs trajets.<\/p>\n<p>Milestone propose une large gamme de pneus \u00e9t\u00e9, toutes saisons et hiver pour voitures particuli\u00e8res, SUV et v\u00e9hicules utilitaires.<\/p>\n<p><strong>Milestone, more than just a journey!<\/strong>[\/et_pb_text][\/et_pb_column][et_pb_column type=\u00a0\u00bb1_3&Prime; _builder_version=\u00a0\u00bb4.27.4&Prime; _module_preset=\u00a0\u00bbdefault\u00a0\u00bb background_color=\u00a0\u00bb#FFFFFF\u00a0\u00bb custom_padding=\u00a0\u00bb2%|2%|2%|2%|true|true\u00a0\u00bb custom_padding_tablet=\u00a0\u00bb2%|2%|2%|2%|true|true\u00a0\u00bb custom_padding_phone=\u00a0\u00bb8%|6%|8%|6%|true|true\u00a0\u00bb custom_padding_last_edited=\u00a0\u00bbon|phone\u00a0\u00bb border_radii=\u00a0\u00bbon|4px|4px|4px|4px\u00a0\u00bb global_colors_info=\u00a0\u00bb{}\u00a0\u00bb][et_pb_text _builder_version=\u00a0\u00bb4.27.4&Prime; _module_preset=\u00a0\u00bbdefault\u00a0\u00bb text_font_size=\u00a0\u00bb16px\u00a0\u00bb text_line_height=\u00a0\u00bb2em\u00a0\u00bb header_3_font=\u00a0\u00bb|700|||||||\u00a0\u00bb header_3_text_color=\u00a0\u00bb#009c60&Prime; header_3_font_size=\u00a0\u00bb24px\u00a0\u00bb header_3_font_size_tablet=\u00a0\u00bb24px\u00a0\u00bb header_3_font_size_phone=\u00a0\u00bb20px\u00a0\u00bb header_3_font_size_last_edited=\u00a0\u00bbon|phone\u00a0\u00bb global_colors_info=\u00a0\u00bb{}\u00a0\u00bb]<\/p>\n<h3>Expert Milestone<\/h3>\n<p>Notre sp\u00e9cialiste est \u00e0 votre \u00e9coute. Contactez-nous sans engagement.[\/et_pb_text][et_pb_image src=\u00a0\u00bbhttps:\/\/milestonebanden.nl\/wp-content\/uploads\/2025\/06\/plr.png\u00a0\u00bb title_text=\u00a0\u00bbplr\u00a0\u00bb _builder_version=\u00a0\u00bb4.27.4&Prime; _module_preset=\u00a0\u00bbdefault\u00a0\u00bb background_color=\u00a0\u00bb#f4f4f4&Prime; background_enable_pattern_style=\u00a0\u00bbon\u00a0\u00bb background_pattern_style=\u00a0\u00bbdiagonal-stripes-2&Prime; background_pattern_color=\u00a0\u00bbrgba(0,0,0,0.02)\u00a0\u00bb custom_padding=\u00a0\u00bb4%|16%|||false|false\u00a0\u00bb global_colors_info=\u00a0\u00bb{}\u00a0\u00bb][\/et_pb_image][et_pb_button button_url=\u00a0\u00bbtel:+31168392000&Prime; button_text=\u00a0\u00bbNous appeler\u00a0\u00bb button_alignment=\u00a0\u00bbcenter\u00a0\u00bb _builder_version=\u00a0\u00bb4.27.4&Prime; _module_preset=\u00a0\u00bbdefault\u00a0\u00bb custom_button=\u00a0\u00bbon\u00a0\u00bb button_text_color=\u00a0\u00bb#FFFFFF\u00a0\u00bb button_bg_color=\u00a0\u00bb#009c60&Prime; button_border_width=\u00a0\u00bb0px\u00a0\u00bb button_border_radius=\u00a0\u00bb4px\u00a0\u00bb button_font=\u00a0\u00bbUbuntu||||||||\u00a0\u00bb button_use_icon=\u00a0\u00bboff\u00a0\u00bb custom_margin=\u00a0\u00bb||||false|false\u00a0\u00bb custom_padding=\u00a0\u00bb8px||8px||true|false\u00a0\u00bb hover_enabled=\u00a0\u00bb1&Prime; custom_css_main_element=\u00a0\u00bbwidth: 100%!important;\u00a0\u00bb global_colors_info=\u00a0\u00bb{}\u00a0\u00bb button_bg_color__hover_enabled=\u00a0\u00bbon|hover\u00a0\u00bb button_bg_color__hover=\u00a0\u00bb#007649&Prime; button_bg_enable_color__hover=\u00a0\u00bbon\u00a0\u00bb][\/et_pb_button][et_pb_button button_url=\u00a0\u00bbmailto:sales@inter-sprint.nl\u00a0\u00bb button_text=\u00a0\u00bbNous \u00e9crire\u00a0\u00bb button_alignment=\u00a0\u00bbcenter\u00a0\u00bb _builder_version=\u00a0\u00bb4.27.4&Prime; _module_preset=\u00a0\u00bbdefault\u00a0\u00bb custom_button=\u00a0\u00bbon\u00a0\u00bb button_text_color=\u00a0\u00bb#009c60&Prime; button_bg_color=\u00a0\u00bb#f4f4f4&Prime; button_border_width=\u00a0\u00bb0px\u00a0\u00bb button_border_radius=\u00a0\u00bb4px\u00a0\u00bb button_font=\u00a0\u00bbUbuntu||||||||\u00a0\u00bb button_use_icon=\u00a0\u00bboff\u00a0\u00bb custom_margin=\u00a0\u00bb||||false|false\u00a0\u00bb custom_padding=\u00a0\u00bb8px||8px||true|false\u00a0\u00bb custom_css_main_element=\u00a0\u00bbwidth: 100%!important;\u00a0\u00bb global_colors_info=\u00a0\u00bb{}\u00a0\u00bb button_bg_color__hover_enabled=\u00a0\u00bbon|hover\u00a0\u00bb button_bg_color__hover=\u00a0\u00bb#eaeaea\u00a0\u00bb button_bg_enable_color__hover=\u00a0\u00bbon\u00a0\u00bb][\/et_pb_button][\/et_pb_column][\/et_pb_row][\/et_pb_section]<\/p>\n","protected":false},"excerpt":{"rendered":"<p>\u00c0 propos de MilestonePneus Milestone Milestone est une marque de pneus moderne privil\u00e9giant la qualit\u00e9, la fiabilit\u00e9 et le plaisir de conduite. Soucieux de la technologie, nous d\u00e9veloppons des pneus performants en toutes conditions en garantissant contr\u00f4le, s\u00e9curit\u00e9 et fluidit\u00e9 de conduite. Une qualit\u00e9 fiable \u00e0 chaque trajet Nos pneus sont fabriqu\u00e9s sur des lignes [&hellip;]<\/p>\n","protected":false},"author":1,"featured_media":0,"parent":0,"menu_order":0,"comment_status":"closed","ping_status":"closed","template":"","meta":{"_et_pb_use_builder":"on","_et_pb_old_content":"<!-- wp:divi\/placeholder \/-->","_et_gb_content_width":"","footnotes":""},"dipi_cpt_category":[],"class_list":["post-2775","page","type-page","status-publish","hentry"],"yoast_head":"<!-- This site is optimized with the Yoast SEO plugin v27.2 - https:\/\/yoast.com\/product\/yoast-seo-wordpress\/ -->\n<title>\u00c0 propos de Milestone | Pneus Milestone<\/title>\n<meta name=\"description\" content=\"Milestone propose une gamme soigneusement s\u00e9lectionn\u00e9e de pneus pour chaque saison \u00e0 des prix avantageux.\" \/>\n<meta name=\"robots\" content=\"index, follow, max-snippet:-1, max-image-preview:large, max-video-preview:-1\" \/>\n<link rel=\"canonical\" href=\"https:\/\/milestonebanden.nl\/fr\/a-propos-de-milestone\/\" \/>\n<meta property=\"og:locale\" content=\"fr_FR\" \/>\n<meta property=\"og:type\" content=\"article\" \/>\n<meta property=\"og:title\" content=\"\u00c0 propos de Milestone | Pneus Milestone\" \/>\n<meta property=\"og:description\" content=\"Milestone propose une gamme soigneusement s\u00e9lectionn\u00e9e de pneus pour chaque saison \u00e0 des prix avantageux.\" \/>\n<meta property=\"og:url\" content=\"https:\/\/milestonebanden.nl\/fr\/a-propos-de-milestone\/\" \/>\n<meta property=\"og:site_name\" content=\"Milestone banden\" \/>\n<meta property=\"article:modified_time\" content=\"2025-09-15T12:50:29+00:00\" \/>\n<meta name=\"twitter:card\" content=\"summary_large_image\" \/>\n<meta name=\"twitter:label1\" content=\"Dur\u00e9e de lecture estim\u00e9e\" \/>\n\t<meta name=\"twitter:data1\" content=\"1 minute\" \/>\n<script type=\"application\/ld+json\" class=\"yoast-schema-graph\">{\"@context\":\"https:\/\/schema.org\",\"@graph\":[{\"@type\":\"WebPage\",\"@id\":\"https:\/\/milestonebanden.nl\/fr\/a-propos-de-milestone\/\",\"url\":\"https:\/\/milestonebanden.nl\/fr\/a-propos-de-milestone\/\",\"name\":\"\u00c0 propos de Milestone | Pneus Milestone\",\"isPartOf\":{\"@id\":\"https:\/\/milestonebanden.nl\/#website\"},\"datePublished\":\"2025-06-10T07:19:39+00:00\",\"dateModified\":\"2025-09-15T12:50:29+00:00\",\"description\":\"Milestone propose une gamme soigneusement s\u00e9lectionn\u00e9e de pneus pour chaque saison \u00e0 des prix avantageux.\",\"breadcrumb\":{\"@id\":\"https:\/\/milestonebanden.nl\/fr\/a-propos-de-milestone\/#breadcrumb\"},\"inLanguage\":\"fr-FR\",\"potentialAction\":[{\"@type\":\"ReadAction\",\"target\":[\"https:\/\/milestonebanden.nl\/fr\/a-propos-de-milestone\/\"]}]},{\"@type\":\"BreadcrumbList\",\"@id\":\"https:\/\/milestonebanden.nl\/fr\/a-propos-de-milestone\/#breadcrumb\",\"itemListElement\":[{\"@type\":\"ListItem\",\"position\":1,\"name\":\"Home\",\"item\":\"https:\/\/milestonebanden.nl\/fr\/\"},{\"@type\":\"ListItem\",\"position\":2,\"name\":\"\u00c0 propos de Milestone\"}]},{\"@type\":\"WebSite\",\"@id\":\"https:\/\/milestonebanden.nl\/#website\",\"url\":\"https:\/\/milestonebanden.nl\/\",\"name\":\"Milestone banden\",\"description\":\"More than just a journey!\",\"potentialAction\":[{\"@type\":\"SearchAction\",\"target\":{\"@type\":\"EntryPoint\",\"urlTemplate\":\"https:\/\/milestonebanden.nl\/?s={search_term_string}\"},\"query-input\":{\"@type\":\"PropertyValueSpecification\",\"valueRequired\":true,\"valueName\":\"search_term_string\"}}],\"inLanguage\":\"fr-FR\"}]}<\/script>\n<!-- \/ Yoast SEO plugin. -->","yoast_head_json":{"title":"\u00c0 propos de Milestone | Pneus Milestone","description":"Milestone propose une gamme soigneusement s\u00e9lectionn\u00e9e de pneus pour chaque saison \u00e0 des prix avantageux.","robots":{"index":"index","follow":"follow","max-snippet":"max-snippet:-1","max-image-preview":"max-image-preview:large","max-video-preview":"max-video-preview:-1"},"canonical":"https:\/\/milestonebanden.nl\/fr\/a-propos-de-milestone\/","og_locale":"fr_FR","og_type":"article","og_title":"\u00c0 propos de Milestone | Pneus Milestone","og_description":"Milestone propose une gamme soigneusement s\u00e9lectionn\u00e9e de pneus pour chaque saison \u00e0 des prix avantageux.","og_url":"https:\/\/milestonebanden.nl\/fr\/a-propos-de-milestone\/","og_site_name":"Milestone banden","article_modified_time":"2025-09-15T12:50:29+00:00","twitter_card":"summary_large_image","twitter_misc":{"Dur\u00e9e de lecture estim\u00e9e":"1 minute"},"schema":{"@context":"https:\/\/schema.org","@graph":[{"@type":"WebPage","@id":"https:\/\/milestonebanden.nl\/fr\/a-propos-de-milestone\/","url":"https:\/\/milestonebanden.nl\/fr\/a-propos-de-milestone\/","name":"\u00c0 propos de Milestone | Pneus Milestone","isPartOf":{"@id":"https:\/\/milestonebanden.nl\/#website"},"datePublished":"2025-06-10T07:19:39+00:00","dateModified":"2025-09-15T12:50:29+00:00","description":"Milestone propose une gamme soigneusement s\u00e9lectionn\u00e9e de pneus pour chaque saison \u00e0 des prix avantageux.","breadcrumb":{"@id":"https:\/\/milestonebanden.nl\/fr\/a-propos-de-milestone\/#breadcrumb"},"inLanguage":"fr-FR","potentialAction":[{"@type":"ReadAction","target":["https:\/\/milestonebanden.nl\/fr\/a-propos-de-milestone\/"]}]},{"@type":"BreadcrumbList","@id":"https:\/\/milestonebanden.nl\/fr\/a-propos-de-milestone\/#breadcrumb","itemListElement":[{"@type":"ListItem","position":1,"name":"Home","item":"https:\/\/milestonebanden.nl\/fr\/"},{"@type":"ListItem","position":2,"name":"\u00c0 propos de Milestone"}]},{"@type":"WebSite","@id":"https:\/\/milestonebanden.nl\/#website","url":"https:\/\/milestonebanden.nl\/","name":"Milestone banden","description":"More than just a journey!","potentialAction":[{"@type":"SearchAction","target":{"@type":"EntryPoint","urlTemplate":"https:\/\/milestonebanden.nl\/?s={search_term_string}"},"query-input":{"@type":"PropertyValueSpecification","valueRequired":true,"valueName":"search_term_string"}}],"inLanguage":"fr-FR"}]}},"_links":{"self":[{"href":"https:\/\/milestonebanden.nl\/fr\/wp-json\/wp\/v2\/pages\/2775","targetHints":{"allow":["GET"]}}],"collection":[{"href":"https:\/\/milestonebanden.nl\/fr\/wp-json\/wp\/v2\/pages"}],"about":[{"href":"https:\/\/milestonebanden.nl\/fr\/wp-json\/wp\/v2\/types\/page"}],"author":[{"embeddable":true,"href":"https:\/\/milestonebanden.nl\/fr\/wp-json\/wp\/v2\/users\/1"}],"replies":[{"embeddable":true,"href":"https:\/\/milestonebanden.nl\/fr\/wp-json\/wp\/v2\/comments?post=2775"}],"version-history":[{"count":11,"href":"https:\/\/milestonebanden.nl\/fr\/wp-json\/wp\/v2\/pages\/2775\/revisions"}],"predecessor-version":[{"id":2845,"href":"https:\/\/milestonebanden.nl\/fr\/wp-json\/wp\/v2\/pages\/2775\/revisions\/2845"}],"wp:attachment":[{"href":"https:\/\/milestonebanden.nl\/fr\/wp-json\/wp\/v2\/media?parent=2775"}],"wp:term":[{"taxonomy":"dipi_cpt_category","embeddable":true,"href":"https:\/\/milestonebanden.nl\/fr\/wp-json\/wp\/v2\/dipi_cpt_category?post=2775"}],"curies":[{"name":"wp","href":"https:\/\/api.w.org\/{rel}","templated":true}]}}