{"id":3881,"date":"2025-06-10T06:27:54","date_gmt":"2025-06-10T06:27:54","guid":{"rendered":"https:\/\/milestonebanden.nl\/mz01s\/"},"modified":"2025-09-17T09:51:24","modified_gmt":"2025-09-17T09:51:24","slug":"mz01s","status":"publish","type":"page","link":"https:\/\/milestonebanden.nl\/es\/neumaticos-verano\/mz01s\/","title":{"rendered":"Milestone MZ01S"},"content":{"rendered":"<p>[et_pb_section fb_built=\u00bb1&#8243; make_equal=\u00bbon\u00bb specialty=\u00bbon\u00bb _builder_version=\u00bb4.27.4&#8243; _module_preset=\u00bbdefault\u00bb use_background_color_gradient=\u00bbon\u00bb background_color_gradient_direction=\u00bb-58deg\u00bb background_color_gradient_stops=\u00bb#f4f4f4 62%|rgba(255,255,255,0) 62%\u00bb background_color_gradient_overlays_image=\u00bbon\u00bb background_image=\u00bbhttps:\/\/milestonebanden.nl\/wp-content\/uploads\/2025\/06\/milestone-mz01s-nl.jpg\u00bb background_position=\u00bbcenter_left\u00bb inner_max_width=\u00bb1280px\u00bb custom_padding=\u00bb||0px||false|false\u00bb background_last_edited=\u00bbon|phone\u00bb use_background_color_gradient_phone=\u00bbon\u00bb background_color_gradient_stops_phone=\u00bb#f4f4f4 100%|rgba(255,255,255,0) 100%\u00bb custom_css_free_form=\u00bb@media (max-width: 767px) {||selector .et_pb_row {||display: flex!important;||flex-direction: column-reverse;||}||selector .et_pb_row .et_pb_image_0 {||position: relative!important;||}||selector .et_pb_column.et_pb_column_1_2.et_pb_column_0 {||margin-bottom: 0!important;||}||}\u00bb box_shadow_style=\u00bbpreset3&#8243; global_colors_info=\u00bb{}\u00bb][et_pb_column type=\u00bb1_2&#8243; _builder_version=\u00bb4.16&#8243; custom_padding=\u00bb|||\u00bb global_colors_info=\u00bb{}\u00bb custom_padding__hover=\u00bb|||\u00bb][et_pb_image src=\u00bbhttps:\/\/milestonebanden.nl\/wp-content\/uploads\/2025\/07\/milestone-mz01s-nl.png\u00bb alt=\u00bbMilestone MZ01S\u00bb title_text=\u00bbMilestone MZ01S\u00bb _builder_version=\u00bb4.27.4&#8243; _module_preset=\u00bbdefault\u00bb positioning=\u00bbabsolute\u00bb position_origin_a=\u00bbbottom_center\u00bb width=\u00bb100%\u00bb global_colors_info=\u00bb{}\u00bb][\/et_pb_image][\/et_pb_column][et_pb_column type=\u00bb1_2&#8243; specialty_columns=\u00bb2&#8243; _builder_version=\u00bb4.16&#8243; custom_padding=\u00bb|||\u00bb global_colors_info=\u00bb{}\u00bb custom_padding__hover=\u00bb|||\u00bb][et_pb_row_inner _builder_version=\u00bb4.27.4&#8243; _module_preset=\u00bbdefault\u00bb custom_padding=\u00bb||12%||false|false\u00bb global_colors_info=\u00bb{}\u00bb][et_pb_column_inner saved_specialty_column_type=\u00bb1_2&#8243; _builder_version=\u00bb4.27.4&#8243; _module_preset=\u00bbdefault\u00bb global_colors_info=\u00bb{}\u00bb][et_pb_text _builder_version=\u00bb4.27.4&#8243; _module_preset=\u00bbdefault\u00bb text_font_size=\u00bb16px\u00bb text_line_height=\u00bb2em\u00bb ul_font_size=\u00bb16px\u00bb ul_line_height=\u00bb2em\u00bb header_font=\u00bbUbuntu|700|||||||\u00bb header_text_color=\u00bb#009c60&#8243; header_font_size=\u00bb36px\u00bb custom_css_free_form=\u00bbselector li {||    padding-top: 1em;||}||||selector ::marker {||    font-family: FontAwesome;||    content: %22%92f00c%22;||    color: #009c60;||    font-size: 16px;||    padding-right: 40px !important;||}||selector li {||    padding-left: 10px;||    text-indent: 0px;||}\u00bb global_colors_info=\u00bb{}\u00bb]<\/p>\n<h1>Milestone MZ01S<\/h1>\n<p>La Milestone MZ01S es un neum\u00e1tico de verano para SUV deportivos. Ofrece mejor manejo, comodidad y seguridad, incluso en carreteras mojadas.<\/p>\n<ul>\n<li>El dise\u00f1o especial proporciona agarre y una conducci\u00f3n silenciosa, incluso a velocidades m\u00e1s altas.<\/li>\n<li>Las ranuras anchas drenan r\u00e1pidamente el agua para una mayor estabilidad en los d\u00edas de lluvia.<\/li>\n<li>El dise\u00f1o eficiente aumenta la autonom\u00eda hasta en un 7%, lo que permite repostar con menor frecuencia.<\/li>\n<\/ul>\n<p>[\/et_pb_text][\/et_pb_column_inner][\/et_pb_row_inner][\/et_pb_column][\/et_pb_section][et_pb_section fb_built=\u00bb1&#8243; _builder_version=\u00bb4.27.4&#8243; _module_preset=\u00bbdefault\u00bb custom_padding=\u00bb4%||4%||true|false\u00bb global_colors_info=\u00bb{}\u00bb][et_pb_row make_equal=\u00bbon\u00bb _builder_version=\u00bb4.27.4&#8243; _module_preset=\u00bbdefault\u00bb custom_padding=\u00bb||0px||false|false\u00bb global_colors_info=\u00bb{}\u00bb][et_pb_column type=\u00bb4_4&#8243; _builder_version=\u00bb4.27.4&#8243; _module_preset=\u00bbdefault\u00bb custom_css_main_element=\u00bbmargin: auto 0 0;\u00bb global_colors_info=\u00bb{}\u00bb][et_pb_text _builder_version=\u00bb4.27.4&#8243; _module_preset=\u00bbdefault\u00bb text_font=\u00bbUbuntu|700|||||||\u00bb text_font_size=\u00bb32px\u00bb global_colors_info=\u00bb{}\u00bb]Gama de tama\u00f1os[\/et_pb_text][\/et_pb_column][\/et_pb_row][et_pb_row _builder_version=\u00bb4.27.4&#8243; _module_preset=\u00bbdefault\u00bb custom_padding=\u00bb||||false|false\u00bb global_colors_info=\u00bb{}\u00bb][et_pb_column type=\u00bb4_4&#8243; _builder_version=\u00bb4.27.4&#8243; _module_preset=\u00bbdefault\u00bb global_colors_info=\u00bb{}\u00bb][dipi_advanced_tabs use_tabs_fullwidth=\u00bboff\u00bb use_tabs_fullwidth_phone=\u00bboff\u00bb tabs_container_padding=\u00bb0px|0px|10px|0px|false|true\u00bb tabs_container_margin=\u00bb10px|0px|10px|0px|false|true\u00bb tabs_item_padding=\u00bb10px|10px|10px|20px|false|false\u00bb tabs_active_item_padding=\u00bb10px|10px|10px|20px|false|false\u00bb content_padding=\u00bb0px|0px|0px|0px|true|false\u00bb content_margin=\u00bb0px|10px|0px|0px|true|false\u00bb tabs_item_active_bg_color=\u00bb#009c60&#8243; _builder_version=\u00bb4.27.4&#8243; _module_preset=\u00bbdefault\u00bb title_font=\u00bbUbuntu|700|||||||\u00bb title_font_size=\u00bb20px\u00bb title_active_text_color=\u00bb#FFFFFF\u00bb subtitle_font=\u00bbUbuntu|700|||||||\u00bb subtitle_font_size=\u00bb18px\u00bb subtitle_active_text_color=\u00bb#FFFFFF\u00bb global_colors_info=\u00bb{}\u00bb][dipi_advanced_tabs_item title=\u00bb40&#8243; subtitle=\u00bbSeries\u00bb _builder_version=\u00bb4.27.4&#8243; _module_preset=\u00bbdefault\u00bb global_colors_info=\u00bb{}\u00bb]<\/p>\n\n<table id=\"tablepress-28\" class=\"tablepress tablepress-id-28\">\n<thead>\n<tr class=\"row-1\">\n\t<th class=\"column-1\">SIZE<\/th><th class=\"column-2\">XL<\/th><th class=\"column-3\">LI<\/th><th class=\"column-4\">SI<\/th><th class=\"column-5\"><img decoding=\"async\" src=\"https:\/\/milestonebanden.nl\/wp-content\/uploads\/2025\/06\/ico-fuel.png\" \/><\/th><th class=\"column-6\"><img decoding=\"async\" src=\"https:\/\/milestonebanden.nl\/wp-content\/uploads\/2025\/06\/ico-grip.png\" \/><\/th><th class=\"column-7\"><img decoding=\"async\" src=\"https:\/\/milestonebanden.nl\/wp-content\/uploads\/2025\/06\/ico-noise.png\" \/><\/th><th class=\"column-8\"><img decoding=\"async\" src=\"https:\/\/milestonebanden.nl\/wp-content\/uploads\/2025\/07\/ico-3pmsf.png\" \/><\/th><th class=\"column-9\">EPREL<\/th>\n<\/tr>\n<\/thead>\n<tbody class=\"row-striping row-hover\">\n<tr class=\"row-2\">\n\t<td class=\"column-1\">235 40 R19<\/td><td class=\"column-2\">XL<\/td><td class=\"column-3\">96<\/td><td class=\"column-4\">Y<\/td><td class=\"column-5\"><\/td><td class=\"column-6\"><\/td><td class=\"column-7\"><\/td><td class=\"column-8\"><\/td><td class=\"column-9\"><\/td>\n<\/tr>\n<tr class=\"row-3\">\n\t<td class=\"column-1\">255 40 R20<\/td><td class=\"column-2\">XL<\/td><td class=\"column-3\">101<\/td><td class=\"column-4\">Y<\/td><td class=\"column-5\"><\/td><td class=\"column-6\"><\/td><td class=\"column-7\"><\/td><td class=\"column-8\"><\/td><td class=\"column-9\"><\/td>\n<\/tr>\n<\/tbody>\n<\/table>\n<!-- #tablepress-28 from cache -->\n<p>[\/dipi_advanced_tabs_item][dipi_advanced_tabs_item title=\u00bb45&#8243; subtitle=\u00bbSeries\u00bb _builder_version=\u00bb4.27.4&#8243; _module_preset=\u00bbdefault\u00bb global_colors_info=\u00bb{}\u00bb]\n<table id=\"tablepress-29\" class=\"tablepress tablepress-id-29\">\n<thead>\n<tr class=\"row-1\">\n\t<th class=\"column-1\">SIZE<\/th><th class=\"column-2\">XL<\/th><th class=\"column-3\">LI<\/th><th class=\"column-4\">SI<\/th><th class=\"column-5\"><img decoding=\"async\" src=\"https:\/\/milestonebanden.nl\/wp-content\/uploads\/2025\/06\/ico-fuel.png\" \/><\/th><th class=\"column-6\"><img decoding=\"async\" src=\"https:\/\/milestonebanden.nl\/wp-content\/uploads\/2025\/06\/ico-grip.png\" \/><\/th><th class=\"column-7\"><img decoding=\"async\" src=\"https:\/\/milestonebanden.nl\/wp-content\/uploads\/2025\/06\/ico-noise.png\" \/><\/th><th class=\"column-8\"><img decoding=\"async\" src=\"https:\/\/milestonebanden.nl\/wp-content\/uploads\/2025\/07\/ico-3pmsf.png\" \/><\/th><th class=\"column-9\">EPREL<\/th>\n<\/tr>\n<\/thead>\n<tbody class=\"row-striping row-hover\">\n<tr class=\"row-2\">\n\t<td class=\"column-1\">255 45 R19<\/td><td class=\"column-2\">XL<\/td><td class=\"column-3\">104<\/td><td class=\"column-4\">W<\/td><td class=\"column-5\"><\/td><td class=\"column-6\"><\/td><td class=\"column-7\"><\/td><td class=\"column-8\"><\/td><td class=\"column-9\"><\/td>\n<\/tr>\n<tr class=\"row-3\">\n\t<td class=\"column-1\">235 45 R19<\/td><td class=\"column-2\">XL<\/td><td class=\"column-3\">99<\/td><td class=\"column-4\">Y<\/td><td class=\"column-5\"><\/td><td class=\"column-6\"><\/td><td class=\"column-7\"><\/td><td class=\"column-8\"><\/td><td class=\"column-9\"><\/td>\n<\/tr>\n<tr class=\"row-4\">\n\t<td class=\"column-1\">235 45 R20<\/td><td class=\"column-2\">XL<\/td><td class=\"column-3\">100<\/td><td class=\"column-4\">Y<\/td><td class=\"column-5\"><\/td><td class=\"column-6\"><\/td><td class=\"column-7\"><\/td><td class=\"column-8\"><\/td><td class=\"column-9\"><\/td>\n<\/tr>\n<tr class=\"row-5\">\n\t<td class=\"column-1\">255 45 R20<\/td><td class=\"column-2\">XL<\/td><td class=\"column-3\">105<\/td><td class=\"column-4\">W<\/td><td class=\"column-5\"><\/td><td class=\"column-6\"><\/td><td class=\"column-7\"><\/td><td class=\"column-8\"><\/td><td class=\"column-9\"><\/td>\n<\/tr>\n<tr class=\"row-6\">\n\t<td class=\"column-1\">275 45 R20<\/td><td class=\"column-2\">XL<\/td><td class=\"column-3\">110<\/td><td class=\"column-4\">Y<\/td><td class=\"column-5\"><\/td><td class=\"column-6\"><\/td><td class=\"column-7\"><\/td><td class=\"column-8\"><\/td><td class=\"column-9\"><\/td>\n<\/tr>\n<\/tbody>\n<\/table>\n<!-- #tablepress-29 from cache -->[\/dipi_advanced_tabs_item][dipi_advanced_tabs_item title=\u00bb50&#8243; subtitle=\u00bbSeries\u00bb _builder_version=\u00bb4.27.4&#8243; _module_preset=\u00bbdefault\u00bb global_colors_info=\u00bb{}\u00bb]\n<table id=\"tablepress-30\" class=\"tablepress tablepress-id-30\">\n<thead>\n<tr class=\"row-1\">\n\t<th class=\"column-1\">SIZE<\/th><th class=\"column-2\">XL<\/th><th class=\"column-3\">LI<\/th><th class=\"column-4\">SI<\/th><th class=\"column-5\"><img decoding=\"async\" src=\"https:\/\/milestonebanden.nl\/wp-content\/uploads\/2025\/06\/ico-fuel.png\" \/><\/th><th class=\"column-6\"><img decoding=\"async\" src=\"https:\/\/milestonebanden.nl\/wp-content\/uploads\/2025\/06\/ico-grip.png\" \/><\/th><th class=\"column-7\"><img decoding=\"async\" src=\"https:\/\/milestonebanden.nl\/wp-content\/uploads\/2025\/06\/ico-noise.png\" \/><\/th><th class=\"column-8\"><img decoding=\"async\" src=\"https:\/\/milestonebanden.nl\/wp-content\/uploads\/2025\/07\/ico-3pmsf.png\" \/><\/th><th class=\"column-9\">EPREL<\/th>\n<\/tr>\n<\/thead>\n<tbody class=\"row-striping row-hover\">\n<tr class=\"row-2\">\n\t<td class=\"column-1\">235 50 R19<\/td><td class=\"column-2\">XL<\/td><td class=\"column-3\">103<\/td><td class=\"column-4\">W<\/td><td class=\"column-5\"><\/td><td class=\"column-6\"><\/td><td class=\"column-7\"><\/td><td class=\"column-8\"><\/td><td class=\"column-9\"><\/td>\n<\/tr>\n<tr class=\"row-3\">\n\t<td class=\"column-1\">255 50 R20<\/td><td class=\"column-2\">XL<\/td><td class=\"column-3\">109<\/td><td class=\"column-4\">W<\/td><td class=\"column-5\"><\/td><td class=\"column-6\"><\/td><td class=\"column-7\"><\/td><td class=\"column-8\"><\/td><td class=\"column-9\"><\/td>\n<\/tr>\n<\/tbody>\n<\/table>\n<!-- #tablepress-30 from cache -->[\/dipi_advanced_tabs_item][dipi_advanced_tabs_item title=\u00bb55&#8243; subtitle=\u00bbSeries\u00bb _builder_version=\u00bb4.27.4&#8243; _module_preset=\u00bbdefault\u00bb global_colors_info=\u00bb{}\u00bb]\n<table id=\"tablepress-31\" class=\"tablepress tablepress-id-31\">\n<thead>\n<tr class=\"row-1\">\n\t<th class=\"column-1\">SIZE<\/th><th class=\"column-2\">XL<\/th><th class=\"column-3\">LI<\/th><th class=\"column-4\">SI<\/th><th class=\"column-5\"><img decoding=\"async\" src=\"https:\/\/milestonebanden.nl\/wp-content\/uploads\/2025\/06\/ico-fuel.png\" \/><\/th><th class=\"column-6\"><img decoding=\"async\" src=\"https:\/\/milestonebanden.nl\/wp-content\/uploads\/2025\/06\/ico-grip.png\" \/><\/th><th class=\"column-7\"><img decoding=\"async\" src=\"https:\/\/milestonebanden.nl\/wp-content\/uploads\/2025\/06\/ico-noise.png\" \/><\/th><th class=\"column-8\"><img decoding=\"async\" src=\"https:\/\/milestonebanden.nl\/wp-content\/uploads\/2025\/07\/ico-3pmsf.png\" \/><\/th><th class=\"column-9\">EPREL<\/th>\n<\/tr>\n<\/thead>\n<tbody class=\"row-striping row-hover\">\n<tr class=\"row-2\">\n\t<td class=\"column-1\">235 55 R19<\/td><td class=\"column-2\">XL<\/td><td class=\"column-3\">105<\/td><td class=\"column-4\">V<\/td><td class=\"column-5\"><\/td><td class=\"column-6\"><\/td><td class=\"column-7\"><\/td><td class=\"column-8\"><\/td><td class=\"column-9\"><\/td>\n<\/tr>\n<\/tbody>\n<\/table>\n<!-- #tablepress-31 from cache -->[\/dipi_advanced_tabs_item][\/dipi_advanced_tabs][\/et_pb_column][\/et_pb_row][et_pb_row make_equal=\u00bbon\u00bb _builder_version=\u00bb4.27.4&#8243; _module_preset=\u00bbdefault\u00bb custom_padding=\u00bb0px||||false|false\u00bb global_colors_info=\u00bb{}\u00bb][et_pb_column type=\u00bb4_4&#8243; _builder_version=\u00bb4.27.4&#8243; _module_preset=\u00bbdefault\u00bb custom_css_main_element=\u00bbmargin: auto 0 0;\u00bb global_colors_info=\u00bb{}\u00bb][et_pb_button button_url=\u00bbhttps:\/\/milestonebanden.nl\/wp-content\/brochures\/Milestone-brochure-ES.pdf\u00bb url_new_window=\u00bbon\u00bb button_text=\u00bbDescargar folleto\u00bb button_alignment=\u00bbleft\u00bb _builder_version=\u00bb4.27.4&#8243; _module_preset=\u00bbdefault\u00bb custom_button=\u00bbon\u00bb button_text_color=\u00bb#FFFFFF\u00bb button_bg_color=\u00bb#009c60&#8243; button_border_width=\u00bb0px\u00bb button_border_radius=\u00bb4px\u00bb button_font=\u00bbUbuntu||||||||\u00bb button_use_icon=\u00bboff\u00bb custom_margin=\u00bb||||false|false\u00bb custom_padding=\u00bb8px||8px||true|false\u00bb global_colors_info=\u00bb{}\u00bb button_bg_color__hover_enabled=\u00bbon|hover\u00bb button_bg_color__hover=\u00bb#007649&#8243; button_bg_enable_color__hover=\u00bbon\u00bb][\/et_pb_button][\/et_pb_column][\/et_pb_row][\/et_pb_section]<\/p>\n","protected":false},"excerpt":{"rendered":"<p>Milestone MZ01S La Milestone MZ01S es un neum\u00e1tico de verano para SUV deportivos. Ofrece mejor manejo, comodidad y seguridad, incluso en carreteras mojadas. El dise\u00f1o especial proporciona agarre y una conducci\u00f3n silenciosa, incluso a velocidades m\u00e1s altas. Las ranuras anchas drenan r\u00e1pidamente el agua para una mayor estabilidad en los d\u00edas de lluvia. El dise\u00f1o [&hellip;]<\/p>\n","protected":false},"author":1,"featured_media":0,"parent":4363,"menu_order":0,"comment_status":"closed","ping_status":"closed","template":"","meta":{"_et_pb_use_builder":"on","_et_pb_old_content":"","_et_gb_content_width":"","footnotes":""},"dipi_cpt_category":[],"class_list":["post-3881","page","type-page","status-publish","hentry"],"yoast_head":"<!-- This site is optimized with the Yoast SEO plugin v27.2 - https:\/\/yoast.com\/product\/yoast-seo-wordpress\/ -->\n<title>Milestone MZ01S | Neum\u00e1ticos Milestone<\/title>\n<meta name=\"description\" content=\"El Milestone MZ01S es un neum\u00e1tico de verano para veh\u00edculos medianos que brinda confort, seguridad y buen manejo, incluso en mojado.\" \/>\n<meta name=\"robots\" content=\"index, follow, max-snippet:-1, max-image-preview:large, max-video-preview:-1\" \/>\n<link rel=\"canonical\" href=\"https:\/\/milestonebanden.nl\/mz01s\/\" \/>\n<meta property=\"og:locale\" content=\"es_ES\" \/>\n<meta property=\"og:type\" content=\"article\" \/>\n<meta property=\"og:title\" content=\"Milestone MZ01S | Neum\u00e1ticos Milestone\" \/>\n<meta property=\"og:description\" content=\"El Milestone MZ01S es un neum\u00e1tico de verano para veh\u00edculos medianos que brinda confort, seguridad y buen manejo, incluso en mojado.\" \/>\n<meta property=\"og:url\" content=\"https:\/\/milestonebanden.nl\/mz01s\/\" \/>\n<meta property=\"og:site_name\" content=\"Milestone banden\" \/>\n<meta property=\"article:modified_time\" content=\"2025-09-17T09:51:24+00:00\" \/>\n<meta name=\"twitter:card\" content=\"summary_large_image\" \/>\n<meta name=\"twitter:label1\" content=\"Tiempo de lectura\" \/>\n\t<meta name=\"twitter:data1\" content=\"5 minutos\" \/>\n<script type=\"application\/ld+json\" class=\"yoast-schema-graph\">{\"@context\":\"https:\/\/schema.org\",\"@graph\":[{\"@type\":\"WebPage\",\"@id\":\"https:\/\/milestonebanden.nl\/mz01s\/\",\"url\":\"https:\/\/milestonebanden.nl\/mz01s\/\",\"name\":\"Milestone MZ01S | Neum\u00e1ticos Milestone\",\"isPartOf\":{\"@id\":\"https:\/\/milestonebanden.nl\/#website\"},\"datePublished\":\"2025-06-10T06:27:54+00:00\",\"dateModified\":\"2025-09-17T09:51:24+00:00\",\"description\":\"El Milestone MZ01S es un neum\u00e1tico de verano para veh\u00edculos medianos que brinda confort, seguridad y buen manejo, incluso en mojado.\",\"breadcrumb\":{\"@id\":\"https:\/\/milestonebanden.nl\/mz01s\/#breadcrumb\"},\"inLanguage\":\"es\",\"potentialAction\":[{\"@type\":\"ReadAction\",\"target\":[\"https:\/\/milestonebanden.nl\/mz01s\/\"]}]},{\"@type\":\"BreadcrumbList\",\"@id\":\"https:\/\/milestonebanden.nl\/mz01s\/#breadcrumb\",\"itemListElement\":[{\"@type\":\"ListItem\",\"position\":1,\"name\":\"Home\",\"item\":\"https:\/\/milestonebanden.nl\/es\/\"},{\"@type\":\"ListItem\",\"position\":2,\"name\":\"Milestone MZ01S\"}]},{\"@type\":\"WebSite\",\"@id\":\"https:\/\/milestonebanden.nl\/#website\",\"url\":\"https:\/\/milestonebanden.nl\/\",\"name\":\"Milestone banden\",\"description\":\"More than just a journey!\",\"potentialAction\":[{\"@type\":\"SearchAction\",\"target\":{\"@type\":\"EntryPoint\",\"urlTemplate\":\"https:\/\/milestonebanden.nl\/?s={search_term_string}\"},\"query-input\":{\"@type\":\"PropertyValueSpecification\",\"valueRequired\":true,\"valueName\":\"search_term_string\"}}],\"inLanguage\":\"es\"}]}<\/script>\n<!-- \/ Yoast SEO plugin. -->","yoast_head_json":{"title":"Milestone MZ01S | Neum\u00e1ticos Milestone","description":"El Milestone MZ01S es un neum\u00e1tico de verano para veh\u00edculos medianos que brinda confort, seguridad y buen manejo, incluso en mojado.","robots":{"index":"index","follow":"follow","max-snippet":"max-snippet:-1","max-image-preview":"max-image-preview:large","max-video-preview":"max-video-preview:-1"},"canonical":"https:\/\/milestonebanden.nl\/mz01s\/","og_locale":"es_ES","og_type":"article","og_title":"Milestone MZ01S | Neum\u00e1ticos Milestone","og_description":"El Milestone MZ01S es un neum\u00e1tico de verano para veh\u00edculos medianos que brinda confort, seguridad y buen manejo, incluso en mojado.","og_url":"https:\/\/milestonebanden.nl\/mz01s\/","og_site_name":"Milestone banden","article_modified_time":"2025-09-17T09:51:24+00:00","twitter_card":"summary_large_image","twitter_misc":{"Tiempo de lectura":"5 minutos"},"schema":{"@context":"https:\/\/schema.org","@graph":[{"@type":"WebPage","@id":"https:\/\/milestonebanden.nl\/mz01s\/","url":"https:\/\/milestonebanden.nl\/mz01s\/","name":"Milestone MZ01S | Neum\u00e1ticos Milestone","isPartOf":{"@id":"https:\/\/milestonebanden.nl\/#website"},"datePublished":"2025-06-10T06:27:54+00:00","dateModified":"2025-09-17T09:51:24+00:00","description":"El Milestone MZ01S es un neum\u00e1tico de verano para veh\u00edculos medianos que brinda confort, seguridad y buen manejo, incluso en mojado.","breadcrumb":{"@id":"https:\/\/milestonebanden.nl\/mz01s\/#breadcrumb"},"inLanguage":"es","potentialAction":[{"@type":"ReadAction","target":["https:\/\/milestonebanden.nl\/mz01s\/"]}]},{"@type":"BreadcrumbList","@id":"https:\/\/milestonebanden.nl\/mz01s\/#breadcrumb","itemListElement":[{"@type":"ListItem","position":1,"name":"Home","item":"https:\/\/milestonebanden.nl\/es\/"},{"@type":"ListItem","position":2,"name":"Milestone MZ01S"}]},{"@type":"WebSite","@id":"https:\/\/milestonebanden.nl\/#website","url":"https:\/\/milestonebanden.nl\/","name":"Milestone banden","description":"More than just a journey!","potentialAction":[{"@type":"SearchAction","target":{"@type":"EntryPoint","urlTemplate":"https:\/\/milestonebanden.nl\/?s={search_term_string}"},"query-input":{"@type":"PropertyValueSpecification","valueRequired":true,"valueName":"search_term_string"}}],"inLanguage":"es"}]}},"_links":{"self":[{"href":"https:\/\/milestonebanden.nl\/es\/wp-json\/wp\/v2\/pages\/3881","targetHints":{"allow":["GET"]}}],"collection":[{"href":"https:\/\/milestonebanden.nl\/es\/wp-json\/wp\/v2\/pages"}],"about":[{"href":"https:\/\/milestonebanden.nl\/es\/wp-json\/wp\/v2\/types\/page"}],"author":[{"embeddable":true,"href":"https:\/\/milestonebanden.nl\/es\/wp-json\/wp\/v2\/users\/1"}],"replies":[{"embeddable":true,"href":"https:\/\/milestonebanden.nl\/es\/wp-json\/wp\/v2\/comments?post=3881"}],"version-history":[{"count":6,"href":"https:\/\/milestonebanden.nl\/es\/wp-json\/wp\/v2\/pages\/3881\/revisions"}],"predecessor-version":[{"id":3981,"href":"https:\/\/milestonebanden.nl\/es\/wp-json\/wp\/v2\/pages\/3881\/revisions\/3981"}],"up":[{"embeddable":true,"href":"https:\/\/milestonebanden.nl\/es\/wp-json\/wp\/v2\/pages\/4363"}],"wp:attachment":[{"href":"https:\/\/milestonebanden.nl\/es\/wp-json\/wp\/v2\/media?parent=3881"}],"wp:term":[{"taxonomy":"dipi_cpt_category","embeddable":true,"href":"https:\/\/milestonebanden.nl\/es\/wp-json\/wp\/v2\/dipi_cpt_category?post=3881"}],"curies":[{"name":"wp","href":"https:\/\/api.w.org\/{rel}","templated":true}]}}