{"id":3737,"date":"2025-06-10T07:19:39","date_gmt":"2025-06-10T07:19:39","guid":{"rendered":"https:\/\/milestonebanden.nl\/over-milestone\/"},"modified":"2025-09-17T08:24:08","modified_gmt":"2025-09-17T08:24:08","slug":"sobre-milestone","status":"publish","type":"page","link":"https:\/\/milestonebanden.nl\/es\/sobre-milestone\/","title":{"rendered":"Sobre Milestone"},"content":{"rendered":"<p>[et_pb_section fb_built=\u00bb1&#8243; _builder_version=\u00bb4.27.4&#8243; _module_preset=\u00bbdefault\u00bb use_background_color_gradient=\u00bbon\u00bb background_color_gradient_direction=\u00bb90deg\u00bb background_color_gradient_stops=\u00bbrgba(255,255,255,0.36) 0%|rgba(255,255,255,0) 70%\u00bb background_color_gradient_overlays_image=\u00bbon\u00bb background_image=\u00bbhttps:\/\/milestonebanden.nl\/wp-content\/uploads\/2025\/06\/bg-milestone.jpg\u00bb custom_padding=\u00bb5%||5%||true|false\u00bb global_colors_info=\u00bb{}\u00bb][et_pb_row _builder_version=\u00bb4.27.4&#8243; _module_preset=\u00bbdefault\u00bb max_width=\u00bb1280px\u00bb global_colors_info=\u00bb{}\u00bb][et_pb_column type=\u00bb4_4&#8243; _builder_version=\u00bb4.27.4&#8243; _module_preset=\u00bbdefault\u00bb global_colors_info=\u00bb{}\u00bb][et_pb_text _builder_version=\u00bb4.27.4&#8243; _module_preset=\u00bbdefault\u00bb text_text_color=\u00bb#FFFFFF\u00bb text_font_size=\u00bb22px\u00bb text_line_height=\u00bb1.8em\u00bb header_2_font=\u00bb|700|||||||\u00bb header_2_text_color=\u00bb#FFFFFF\u00bb header_2_font_size=\u00bb56px\u00bb header_2_font_size_tablet=\u00bb56px\u00bb header_2_font_size_phone=\u00bb38px\u00bb header_2_font_size_last_edited=\u00bbon|phone\u00bb text_text_shadow_style=\u00bbpreset1&#8243; header_2_text_shadow_style=\u00bbpreset1&#8243; header_2_text_shadow_vertical_length=\u00bb0.04em\u00bb header_2_text_shadow_color=\u00bbrgba(0,0,0,0.8)\u00bb global_colors_info=\u00bb{}\u00bb]<\/p>\n<h2>Sobre Milestone<\/h2>\n<p>[\/et_pb_text][\/et_pb_column][\/et_pb_row][\/et_pb_section][et_pb_section fb_built=\u00bb1&#8243; _builder_version=\u00bb4.27.4&#8243; _module_preset=\u00bbdefault\u00bb background_color=\u00bb#f4f4f4&#8243; custom_padding=\u00bb6%||6%||true|false\u00bb global_colors_info=\u00bb{}\u00bb][et_pb_row column_structure=\u00bb2_3,1_3&#8243; _builder_version=\u00bb4.27.4&#8243; _module_preset=\u00bbdefault\u00bb global_colors_info=\u00bb{}\u00bb][et_pb_column type=\u00bb2_3&#8243; _builder_version=\u00bb4.27.4&#8243; _module_preset=\u00bbdefault\u00bb global_colors_info=\u00bb{}\u00bb][et_pb_text _builder_version=\u00bb4.27.4&#8243; _module_preset=\u00bbdefault\u00bb text_font_size=\u00bb16px\u00bb text_line_height=\u00bb2em\u00bb header_3_font=\u00bb|700|||||||\u00bb header_3_font_size=\u00bb30px\u00bb header_3_font_size_tablet=\u00bb30px\u00bb header_3_font_size_phone=\u00bb20px\u00bb header_3_font_size_last_edited=\u00bbon|phone\u00bb global_colors_info=\u00bb{}\u00bb]<\/p>\n<h3>Neum\u00e1ticos Milestone<\/h3>\n<p>Milestone es una marca de neum\u00e1ticos moderna que prioriza la calidad, la fiabilidad y el placer de conducir. Con atenci\u00f3n a la tecnolog\u00eda y al detalle, desarrollamos neum\u00e1ticos que rinden en diversas condiciones, con el control, la seguridad y una conducci\u00f3n suave como punto de partida.<\/p>\n<p><strong>Calidad confiable en cada viaje<\/strong><\/p>\n<p>Nuestros neum\u00e1ticos se fabrican en modernas l\u00edneas de producci\u00f3n y cumplen con los m\u00e1s altos est\u00e1ndares de seguridad y calidad. Gracias a los avanzados dise\u00f1os de la banda de rodadura, los materiales duraderos y la baja resistencia a la rodadura, Milestone combina comodidad con agarre y eficiencia. De esta forma, ofrecemos un neum\u00e1tico ideal tanto para el uso diario como para los viajes largos.<\/p>\n<p>Milestone est\u00e1 disponible en una amplia gama de neum\u00e1ticos de verano, para todas las estaciones e invierno para turismos, SUV y veh\u00edculos comerciales.<\/p>\n<p><strong>Milestone, more than just a journey!<\/strong>[\/et_pb_text][\/et_pb_column][et_pb_column type=\u00bb1_3&#8243; _builder_version=\u00bb4.27.4&#8243; _module_preset=\u00bbdefault\u00bb background_color=\u00bb#FFFFFF\u00bb custom_padding=\u00bb2%|2%|2%|2%|true|true\u00bb custom_padding_tablet=\u00bb2%|2%|2%|2%|true|true\u00bb custom_padding_phone=\u00bb8%|6%|8%|6%|true|true\u00bb custom_padding_last_edited=\u00bbon|phone\u00bb border_radii=\u00bbon|4px|4px|4px|4px\u00bb global_colors_info=\u00bb{}\u00bb][et_pb_text _builder_version=\u00bb4.27.4&#8243; _module_preset=\u00bbdefault\u00bb text_font_size=\u00bb16px\u00bb text_line_height=\u00bb2em\u00bb header_3_font=\u00bb|700|||||||\u00bb header_3_text_color=\u00bb#009c60&#8243; header_3_font_size=\u00bb24px\u00bb header_3_font_size_tablet=\u00bb24px\u00bb header_3_font_size_phone=\u00bb20px\u00bb header_3_font_size_last_edited=\u00bbon|phone\u00bb global_colors_info=\u00bb{}\u00bb]<\/p>\n<h3>Especialista Milestone<\/h3>\n<p>Nuestro especialista est\u00e1 listo para ayudarte. Cont\u00e1ctanos sin compromiso.[\/et_pb_text][et_pb_image src=\u00bbhttps:\/\/milestonebanden.nl\/wp-content\/uploads\/2025\/06\/plr.png\u00bb title_text=\u00bbplr\u00bb _builder_version=\u00bb4.27.4&#8243; _module_preset=\u00bbdefault\u00bb background_color=\u00bb#f4f4f4&#8243; background_enable_pattern_style=\u00bbon\u00bb background_pattern_style=\u00bbdiagonal-stripes-2&#8243; background_pattern_color=\u00bbrgba(0,0,0,0.02)\u00bb custom_padding=\u00bb4%|16%|||false|false\u00bb global_colors_info=\u00bb{}\u00bb][\/et_pb_image][et_pb_button button_url=\u00bbtel:+31168392000&#8243; button_text=\u00bbContacto telef\u00f3nico\u00bb button_alignment=\u00bbcenter\u00bb _builder_version=\u00bb4.27.4&#8243; _module_preset=\u00bbdefault\u00bb custom_button=\u00bbon\u00bb button_text_color=\u00bb#FFFFFF\u00bb button_bg_color=\u00bb#009c60&#8243; button_border_width=\u00bb0px\u00bb button_border_radius=\u00bb4px\u00bb button_font=\u00bbUbuntu||||||||\u00bb button_use_icon=\u00bboff\u00bb custom_margin=\u00bb||||false|false\u00bb custom_padding=\u00bb8px||8px||true|false\u00bb hover_enabled=\u00bb1&#8243; custom_css_main_element=\u00bbwidth: 100%!important;\u00bb global_colors_info=\u00bb{}\u00bb button_bg_color__hover_enabled=\u00bbon|hover\u00bb button_bg_color__hover=\u00bb#007649&#8243; button_bg_enable_color__hover=\u00bbon\u00bb][\/et_pb_button][et_pb_button button_url=\u00bbmailto:sales@inter-sprint.nl\u00bb button_text=\u00bbContacto por e-mail\u00bb button_alignment=\u00bbcenter\u00bb _builder_version=\u00bb4.27.4&#8243; _module_preset=\u00bbdefault\u00bb custom_button=\u00bbon\u00bb button_text_color=\u00bb#009c60&#8243; button_bg_color=\u00bb#f4f4f4&#8243; button_border_width=\u00bb0px\u00bb button_border_radius=\u00bb4px\u00bb button_font=\u00bbUbuntu||||||||\u00bb button_use_icon=\u00bboff\u00bb custom_margin=\u00bb||||false|false\u00bb custom_padding=\u00bb8px||8px||true|false\u00bb hover_enabled=\u00bb0&#8243; custom_css_main_element=\u00bbwidth: 100%!important;\u00bb global_colors_info=\u00bb{}\u00bb button_bg_color__hover_enabled=\u00bbon|hover\u00bb button_bg_color__hover=\u00bb#eaeaea\u00bb button_bg_enable_color__hover=\u00bbon\u00bb sticky_enabled=\u00bb0&#8243;][\/et_pb_button][\/et_pb_column][\/et_pb_row][\/et_pb_section]<\/p>\n","protected":false},"excerpt":{"rendered":"<p>Sobre MilestoneNeum\u00e1ticos Milestone Milestone es una marca de neum\u00e1ticos moderna que prioriza la calidad, la fiabilidad y el placer de conducir. Con atenci\u00f3n a la tecnolog\u00eda y al detalle, desarrollamos neum\u00e1ticos que rinden en diversas condiciones, con el control, la seguridad y una conducci\u00f3n suave como punto de partida. Calidad confiable en cada viaje Nuestros [&hellip;]<\/p>\n","protected":false},"author":1,"featured_media":0,"parent":0,"menu_order":0,"comment_status":"closed","ping_status":"closed","template":"","meta":{"_et_pb_use_builder":"on","_et_pb_old_content":"<!-- wp:divi\/placeholder \/-->","_et_gb_content_width":"","footnotes":""},"dipi_cpt_category":[],"class_list":["post-3737","page","type-page","status-publish","hentry"],"yoast_head":"<!-- This site is optimized with the Yoast SEO plugin v27.4 - https:\/\/yoast.com\/product\/yoast-seo-wordpress\/ -->\n<title>Sobre Milestone | Neum\u00e1ticos Milestone<\/title>\n<meta name=\"description\" content=\"Milestone ofrece una cuidada selecci\u00f3n de neum\u00e1ticos para cada temporada, y todo ello a precios muy competitivos.\" \/>\n<meta name=\"robots\" content=\"index, follow, max-snippet:-1, max-image-preview:large, max-video-preview:-1\" \/>\n<link rel=\"canonical\" href=\"https:\/\/milestonebanden.nl\/es\/sobre-milestone\/\" \/>\n<meta property=\"og:locale\" content=\"es_ES\" \/>\n<meta property=\"og:type\" content=\"article\" \/>\n<meta property=\"og:title\" content=\"Sobre Milestone | Neum\u00e1ticos Milestone\" \/>\n<meta property=\"og:description\" content=\"Milestone ofrece una cuidada selecci\u00f3n de neum\u00e1ticos para cada temporada, y todo ello a precios muy competitivos.\" \/>\n<meta property=\"og:url\" content=\"https:\/\/milestonebanden.nl\/es\/sobre-milestone\/\" \/>\n<meta property=\"og:site_name\" content=\"Milestone banden\" \/>\n<meta property=\"article:modified_time\" content=\"2025-09-17T08:24:08+00:00\" \/>\n<meta name=\"twitter:card\" content=\"summary_large_image\" \/>\n<meta name=\"twitter:label1\" content=\"Tiempo de lectura\" \/>\n\t<meta name=\"twitter:data1\" content=\"1 minuto\" \/>\n<script type=\"application\/ld+json\" class=\"yoast-schema-graph\">{\"@context\":\"https:\\\/\\\/schema.org\",\"@graph\":[{\"@type\":\"WebPage\",\"@id\":\"https:\\\/\\\/milestonebanden.nl\\\/es\\\/sobre-milestone\\\/\",\"url\":\"https:\\\/\\\/milestonebanden.nl\\\/es\\\/sobre-milestone\\\/\",\"name\":\"Sobre Milestone | Neum\u00e1ticos Milestone\",\"isPartOf\":{\"@id\":\"https:\\\/\\\/milestonebanden.nl\\\/#website\"},\"datePublished\":\"2025-06-10T07:19:39+00:00\",\"dateModified\":\"2025-09-17T08:24:08+00:00\",\"description\":\"Milestone ofrece una cuidada selecci\u00f3n de neum\u00e1ticos para cada temporada, y todo ello a precios muy competitivos.\",\"breadcrumb\":{\"@id\":\"https:\\\/\\\/milestonebanden.nl\\\/es\\\/sobre-milestone\\\/#breadcrumb\"},\"inLanguage\":\"es\",\"potentialAction\":[{\"@type\":\"ReadAction\",\"target\":[\"https:\\\/\\\/milestonebanden.nl\\\/es\\\/sobre-milestone\\\/\"]}]},{\"@type\":\"BreadcrumbList\",\"@id\":\"https:\\\/\\\/milestonebanden.nl\\\/es\\\/sobre-milestone\\\/#breadcrumb\",\"itemListElement\":[{\"@type\":\"ListItem\",\"position\":1,\"name\":\"Home\",\"item\":\"https:\\\/\\\/milestonebanden.nl\\\/es\\\/\"},{\"@type\":\"ListItem\",\"position\":2,\"name\":\"Sobre Milestone\"}]},{\"@type\":\"WebSite\",\"@id\":\"https:\\\/\\\/milestonebanden.nl\\\/#website\",\"url\":\"https:\\\/\\\/milestonebanden.nl\\\/\",\"name\":\"Milestone banden\",\"description\":\"More than just a journey!\",\"potentialAction\":[{\"@type\":\"SearchAction\",\"target\":{\"@type\":\"EntryPoint\",\"urlTemplate\":\"https:\\\/\\\/milestonebanden.nl\\\/?s={search_term_string}\"},\"query-input\":{\"@type\":\"PropertyValueSpecification\",\"valueRequired\":true,\"valueName\":\"search_term_string\"}}],\"inLanguage\":\"es\"}]}<\/script>\n<!-- \/ Yoast SEO plugin. -->","yoast_head_json":{"title":"Sobre Milestone | Neum\u00e1ticos Milestone","description":"Milestone ofrece una cuidada selecci\u00f3n de neum\u00e1ticos para cada temporada, y todo ello a precios muy competitivos.","robots":{"index":"index","follow":"follow","max-snippet":"max-snippet:-1","max-image-preview":"max-image-preview:large","max-video-preview":"max-video-preview:-1"},"canonical":"https:\/\/milestonebanden.nl\/es\/sobre-milestone\/","og_locale":"es_ES","og_type":"article","og_title":"Sobre Milestone | Neum\u00e1ticos Milestone","og_description":"Milestone ofrece una cuidada selecci\u00f3n de neum\u00e1ticos para cada temporada, y todo ello a precios muy competitivos.","og_url":"https:\/\/milestonebanden.nl\/es\/sobre-milestone\/","og_site_name":"Milestone banden","article_modified_time":"2025-09-17T08:24:08+00:00","twitter_card":"summary_large_image","twitter_misc":{"Tiempo de lectura":"1 minuto"},"schema":{"@context":"https:\/\/schema.org","@graph":[{"@type":"WebPage","@id":"https:\/\/milestonebanden.nl\/es\/sobre-milestone\/","url":"https:\/\/milestonebanden.nl\/es\/sobre-milestone\/","name":"Sobre Milestone | Neum\u00e1ticos Milestone","isPartOf":{"@id":"https:\/\/milestonebanden.nl\/#website"},"datePublished":"2025-06-10T07:19:39+00:00","dateModified":"2025-09-17T08:24:08+00:00","description":"Milestone ofrece una cuidada selecci\u00f3n de neum\u00e1ticos para cada temporada, y todo ello a precios muy competitivos.","breadcrumb":{"@id":"https:\/\/milestonebanden.nl\/es\/sobre-milestone\/#breadcrumb"},"inLanguage":"es","potentialAction":[{"@type":"ReadAction","target":["https:\/\/milestonebanden.nl\/es\/sobre-milestone\/"]}]},{"@type":"BreadcrumbList","@id":"https:\/\/milestonebanden.nl\/es\/sobre-milestone\/#breadcrumb","itemListElement":[{"@type":"ListItem","position":1,"name":"Home","item":"https:\/\/milestonebanden.nl\/es\/"},{"@type":"ListItem","position":2,"name":"Sobre Milestone"}]},{"@type":"WebSite","@id":"https:\/\/milestonebanden.nl\/#website","url":"https:\/\/milestonebanden.nl\/","name":"Milestone banden","description":"More than just a journey!","potentialAction":[{"@type":"SearchAction","target":{"@type":"EntryPoint","urlTemplate":"https:\/\/milestonebanden.nl\/?s={search_term_string}"},"query-input":{"@type":"PropertyValueSpecification","valueRequired":true,"valueName":"search_term_string"}}],"inLanguage":"es"}]}},"_links":{"self":[{"href":"https:\/\/milestonebanden.nl\/es\/wp-json\/wp\/v2\/pages\/3737","targetHints":{"allow":["GET"]}}],"collection":[{"href":"https:\/\/milestonebanden.nl\/es\/wp-json\/wp\/v2\/pages"}],"about":[{"href":"https:\/\/milestonebanden.nl\/es\/wp-json\/wp\/v2\/types\/page"}],"author":[{"embeddable":true,"href":"https:\/\/milestonebanden.nl\/es\/wp-json\/wp\/v2\/users\/1"}],"replies":[{"embeddable":true,"href":"https:\/\/milestonebanden.nl\/es\/wp-json\/wp\/v2\/comments?post=3737"}],"version-history":[{"count":7,"href":"https:\/\/milestonebanden.nl\/es\/wp-json\/wp\/v2\/pages\/3737\/revisions"}],"predecessor-version":[{"id":3811,"href":"https:\/\/milestonebanden.nl\/es\/wp-json\/wp\/v2\/pages\/3737\/revisions\/3811"}],"wp:attachment":[{"href":"https:\/\/milestonebanden.nl\/es\/wp-json\/wp\/v2\/media?parent=3737"}],"wp:term":[{"taxonomy":"dipi_cpt_category","embeddable":true,"href":"https:\/\/milestonebanden.nl\/es\/wp-json\/wp\/v2\/dipi_cpt_category?post=3737"}],"curies":[{"name":"wp","href":"https:\/\/api.w.org\/{rel}","templated":true}]}}