{"id":3097,"date":"2025-06-10T06:37:10","date_gmt":"2025-06-10T06:37:10","guid":{"rendered":"https:\/\/milestonebanden.nl\/mw01v\/"},"modified":"2025-09-16T09:28:45","modified_gmt":"2025-09-16T09:28:45","slug":"mw01v","status":"publish","type":"page","link":"https:\/\/milestonebanden.nl\/de\/winterreifen\/mw01v\/","title":{"rendered":"Milestone MW01V"},"content":{"rendered":"<p>[et_pb_section fb_built=&#8220;1&#8243; make_equal=&#8220;on&#8220; specialty=&#8220;on&#8220; _builder_version=&#8220;4.27.4&#8243; _module_preset=&#8220;default&#8220; use_background_color_gradient=&#8220;on&#8220; background_color_gradient_direction=&#8220;-58deg&#8220; background_color_gradient_stops=&#8220;#f4f4f4 62%|rgba(255,255,255,0) 62%&#8220; background_color_gradient_overlays_image=&#8220;on&#8220; background_image=&#8220;https:\/\/milestonebanden.nl\/wp-content\/uploads\/2025\/06\/milestone-mw01v-nl.jpg&#8220; background_position=&#8220;center_left&#8220; inner_max_width=&#8220;1280px&#8220; custom_padding=&#8220;||0px||false|false&#8220; background_last_edited=&#8220;on|phone&#8220; use_background_color_gradient_phone=&#8220;on&#8220; background_color_gradient_stops_phone=&#8220;#f4f4f4 100%|rgba(255,255,255,0) 100%&#8220; custom_css_free_form=&#8220;@media (max-width: 767px) {||selector .et_pb_row {||display: flex!important;||flex-direction: column-reverse;||}||selector .et_pb_row .et_pb_image_0 {||position: relative!important;||}||selector .et_pb_column.et_pb_column_1_2.et_pb_column_0 {||margin-bottom: 0!important;||}||}&#8220; box_shadow_style=&#8220;preset3&#8243; global_colors_info=&#8220;{}&#8220;][et_pb_column type=&#8220;1_2&#8243; _builder_version=&#8220;4.16&#8243; custom_padding=&#8220;|||&#8220; global_colors_info=&#8220;{}&#8220; custom_padding__hover=&#8220;|||&#8220;][et_pb_image src=&#8220;https:\/\/milestonebanden.nl\/wp-content\/uploads\/2025\/07\/milestone-mw01v-nl.png&#8220; alt=&#8220;Milestone MW01V&#8220; title_text=&#8220;Milestone MW01V&#8220; _builder_version=&#8220;4.27.4&#8243; _module_preset=&#8220;default&#8220; positioning=&#8220;absolute&#8220; position_origin_a=&#8220;bottom_center&#8220; width=&#8220;100%&#8220; global_colors_info=&#8220;{}&#8220;][\/et_pb_image][\/et_pb_column][et_pb_column type=&#8220;1_2&#8243; specialty_columns=&#8220;2&#8243; _builder_version=&#8220;4.16&#8243; custom_padding=&#8220;|||&#8220; global_colors_info=&#8220;{}&#8220; custom_padding__hover=&#8220;|||&#8220;][et_pb_row_inner _builder_version=&#8220;4.27.4&#8243; _module_preset=&#8220;default&#8220; custom_padding=&#8220;||12%||false|false&#8220; global_colors_info=&#8220;{}&#8220;][et_pb_column_inner saved_specialty_column_type=&#8220;1_2&#8243; _builder_version=&#8220;4.27.4&#8243; _module_preset=&#8220;default&#8220; global_colors_info=&#8220;{}&#8220;][et_pb_text _builder_version=&#8220;4.27.4&#8243; _module_preset=&#8220;default&#8220; text_font_size=&#8220;16px&#8220; text_line_height=&#8220;2em&#8220; ul_font_size=&#8220;16px&#8220; ul_line_height=&#8220;2em&#8220; header_font=&#8220;Ubuntu|700|||||||&#8220; header_text_color=&#8220;#009c60&#8243; header_font_size=&#8220;36px&#8220; custom_css_free_form=&#8220;selector li {||    padding-top: 1em;||}||||selector ::marker {||    font-family: FontAwesome;||    content: %22%92f00c%22;||    color: #009c60;||    font-size: 16px;||    padding-right: 40px !important;||}||selector li {||    padding-left: 10px;||    text-indent: 0px;||}&#8220; global_colors_info=&#8220;{}&#8220;]<\/p>\n<h1>Milestone MW01V<\/h1>\n<p>Der Milestone MW01V ist ein Winterreifen f\u00fcr leichte Nutzfahrzeuge. Der Reifen kombiniert hohe Tragf\u00e4higkeit mit zuverl\u00e4ssiger Leistung unter winterlichen Bedingungen.<\/p>\n<ul>\n<li>Die besonders starke Doppelschichtkonstruktion bietet zuverl\u00e4ssigen Halt f\u00fcr schwere Lasten.<\/li>\n<li>Das intelligente Profil leitet Wasser schnell ab und sorgt so f\u00fcr mehr Kontrolle und Sicherheit auf nassen Stra\u00dfen.<\/li>\n<li>Spezielles Profil sorgt f\u00fcr Grip und Bremskraft auf verschneiten und vereisten Oberfl\u00e4chen.<\/li>\n<\/ul>\n<p>[\/et_pb_text][\/et_pb_column_inner][\/et_pb_row_inner][\/et_pb_column][\/et_pb_section][et_pb_section fb_built=&#8220;1&#8243; _builder_version=&#8220;4.27.4&#8243; _module_preset=&#8220;default&#8220; custom_padding=&#8220;4%||4%||true|false&#8220; global_colors_info=&#8220;{}&#8220;][et_pb_row make_equal=&#8220;on&#8220; _builder_version=&#8220;4.27.4&#8243; _module_preset=&#8220;default&#8220; custom_padding=&#8220;||0px||false|false&#8220; global_colors_info=&#8220;{}&#8220;][et_pb_column type=&#8220;4_4&#8243; _builder_version=&#8220;4.27.4&#8243; _module_preset=&#8220;default&#8220; custom_css_main_element=&#8220;margin: auto 0 0;&#8220; global_colors_info=&#8220;{}&#8220;][et_pb_text _builder_version=&#8220;4.27.4&#8243; _module_preset=&#8220;default&#8220; text_font=&#8220;Ubuntu|700|||||||&#8220; text_font_size=&#8220;32px&#8220; global_colors_info=&#8220;{}&#8220;]Gr\u00f6\u00dfen\u00fcbersicht[\/et_pb_text][\/et_pb_column][\/et_pb_row][et_pb_row _builder_version=&#8220;4.27.4&#8243; _module_preset=&#8220;default&#8220; custom_padding=&#8220;||||false|false&#8220; global_colors_info=&#8220;{}&#8220;][et_pb_column type=&#8220;4_4&#8243; _builder_version=&#8220;4.27.4&#8243; _module_preset=&#8220;default&#8220; global_colors_info=&#8220;{}&#8220;][dipi_advanced_tabs use_tabs_fullwidth=&#8220;off&#8220; use_tabs_fullwidth_phone=&#8220;off&#8220; tabs_container_padding=&#8220;0px|0px|10px|0px|false|true&#8220; tabs_container_margin=&#8220;10px|0px|10px|0px|false|true&#8220; tabs_item_padding=&#8220;10px|10px|10px|20px|false|false&#8220; tabs_active_item_padding=&#8220;10px|10px|10px|20px|false|false&#8220; content_padding=&#8220;0px|0px|0px|0px|true|false&#8220; content_margin=&#8220;0px|10px|0px|0px|true|false&#8220; tabs_item_active_bg_color=&#8220;#009c60&#8243; _builder_version=&#8220;4.27.4&#8243; _module_preset=&#8220;default&#8220; title_font=&#8220;Ubuntu|700|||||||&#8220; title_font_size=&#8220;20px&#8220; title_active_text_color=&#8220;#FFFFFF&#8220; subtitle_font=&#8220;Ubuntu|700|||||||&#8220; subtitle_font_size=&#8220;18px&#8220; subtitle_active_text_color=&#8220;#FFFFFF&#8220; global_colors_info=&#8220;{}&#8220;][dipi_advanced_tabs_item title=&#8220;65&#8243; subtitle=&#8220;Series&#8220; _builder_version=&#8220;4.27.4&#8243; _module_preset=&#8220;default&#8220; global_colors_info=&#8220;{}&#8220;]\n<table id=\"tablepress-18\" class=\"tablepress tablepress-id-18\">\n<thead>\n<tr class=\"row-1\">\n\t<th class=\"column-1\">SIZE<\/th><th class=\"column-2\">XL<\/th><th class=\"column-3\">LI<\/th><th class=\"column-4\">SI<\/th><th class=\"column-5\"><img decoding=\"async\" src=\"https:\/\/milestonebanden.nl\/wp-content\/uploads\/2025\/06\/ico-fuel.png\" \/><\/th><th class=\"column-6\"><img decoding=\"async\" src=\"https:\/\/milestonebanden.nl\/wp-content\/uploads\/2025\/06\/ico-grip.png\" \/><\/th><th class=\"column-7\"><img decoding=\"async\" src=\"https:\/\/milestonebanden.nl\/wp-content\/uploads\/2025\/06\/ico-noise.png\" \/><\/th><th class=\"column-8\"><img decoding=\"async\" src=\"https:\/\/milestonebanden.nl\/wp-content\/uploads\/2025\/07\/ico-3pmsf.png\" \/><\/th><th class=\"column-9\">EPREL<\/th>\n<\/tr>\n<\/thead>\n<tbody class=\"row-striping row-hover\">\n<tr class=\"row-2\">\n\t<td class=\"column-1\">215 65 R15<\/td><td class=\"column-2\"><\/td><td class=\"column-3\">104<\/td><td class=\"column-4\">T<\/td><td class=\"column-5\"><\/td><td class=\"column-6\"><\/td><td class=\"column-7\"><\/td><td class=\"column-8\"><\/td><td class=\"column-9\"><\/td>\n<\/tr>\n<tr class=\"row-3\">\n\t<td class=\"column-1\">205 65 R16<\/td><td class=\"column-2\"><\/td><td class=\"column-3\">107<\/td><td class=\"column-4\">R<\/td><td class=\"column-5\"><\/td><td class=\"column-6\"><\/td><td class=\"column-7\"><\/td><td class=\"column-8\"><\/td><td class=\"column-9\"><\/td>\n<\/tr>\n<tr class=\"row-4\">\n\t<td class=\"column-1\">215 65 R16<\/td><td class=\"column-2\"><\/td><td class=\"column-3\">109<\/td><td class=\"column-4\">T<\/td><td class=\"column-5\"><\/td><td class=\"column-6\"><\/td><td class=\"column-7\"><\/td><td class=\"column-8\"><\/td><td class=\"column-9\"><\/td>\n<\/tr>\n<tr class=\"row-5\">\n\t<td class=\"column-1\">225 65 R16<\/td><td class=\"column-2\"><\/td><td class=\"column-3\">112<\/td><td class=\"column-4\">R<\/td><td class=\"column-5\"><\/td><td class=\"column-6\"><\/td><td class=\"column-7\"><\/td><td class=\"column-8\"><\/td><td class=\"column-9\"><\/td>\n<\/tr>\n<tr class=\"row-6\">\n\t<td class=\"column-1\">235 65 R16<\/td><td class=\"column-2\"><\/td><td class=\"column-3\">115<\/td><td class=\"column-4\">R<\/td><td class=\"column-5\"><\/td><td class=\"column-6\"><\/td><td class=\"column-7\"><\/td><td class=\"column-8\"><\/td><td class=\"column-9\"><\/td>\n<\/tr>\n<tr class=\"row-7\">\n\t<td class=\"column-1\">235 65 R16<\/td><td class=\"column-2\"><\/td><td class=\"column-3\">121<\/td><td class=\"column-4\">R<\/td><td class=\"column-5\"><\/td><td class=\"column-6\"><\/td><td class=\"column-7\"><\/td><td class=\"column-8\"><\/td><td class=\"column-9\"><\/td>\n<\/tr>\n<\/tbody>\n<\/table>\n<!-- #tablepress-18 from cache -->[\/dipi_advanced_tabs_item][dipi_advanced_tabs_item title=&#8220;70&#8243; subtitle=&#8220;Series&#8220; _builder_version=&#8220;4.27.4&#8243; _module_preset=&#8220;default&#8220; global_colors_info=&#8220;{}&#8220;]\n<table id=\"tablepress-19\" class=\"tablepress tablepress-id-19\">\n<thead>\n<tr class=\"row-1\">\n\t<th class=\"column-1\">SIZE<\/th><th class=\"column-2\">XL<\/th><th class=\"column-3\">LI<\/th><th class=\"column-4\">SI<\/th><th class=\"column-5\"><img decoding=\"async\" src=\"https:\/\/milestonebanden.nl\/wp-content\/uploads\/2025\/06\/ico-fuel.png\" \/><\/th><th class=\"column-6\"><img decoding=\"async\" src=\"https:\/\/milestonebanden.nl\/wp-content\/uploads\/2025\/06\/ico-grip.png\" \/><\/th><th class=\"column-7\"><img decoding=\"async\" src=\"https:\/\/milestonebanden.nl\/wp-content\/uploads\/2025\/06\/ico-noise.png\" \/><\/th><th class=\"column-8\"><img decoding=\"async\" src=\"https:\/\/milestonebanden.nl\/wp-content\/uploads\/2025\/07\/ico-3pmsf.png\" \/><\/th><th class=\"column-9\">EPREL<\/th>\n<\/tr>\n<\/thead>\n<tbody class=\"row-striping row-hover\">\n<tr class=\"row-2\">\n\t<td class=\"column-1\">215 70 R15<\/td><td class=\"column-2\"><\/td><td class=\"column-3\">109<\/td><td class=\"column-4\">R<\/td><td class=\"column-5\"><\/td><td class=\"column-6\"><\/td><td class=\"column-7\"><\/td><td class=\"column-8\"><\/td><td class=\"column-9\"><\/td>\n<\/tr>\n<\/tbody>\n<\/table>\n<!-- #tablepress-19 from cache -->[\/dipi_advanced_tabs_item][dipi_advanced_tabs_item title=&#8220;75&#8243; subtitle=&#8220;Series&#8220; _builder_version=&#8220;4.27.4&#8243; _module_preset=&#8220;default&#8220; global_colors_info=&#8220;{}&#8220;]\n<table id=\"tablepress-20\" class=\"tablepress tablepress-id-20\">\n<thead>\n<tr class=\"row-1\">\n\t<th class=\"column-1\">SIZE<\/th><th class=\"column-2\">XL<\/th><th class=\"column-3\">LI<\/th><th class=\"column-4\">SI<\/th><th class=\"column-5\"><img decoding=\"async\" src=\"https:\/\/milestonebanden.nl\/wp-content\/uploads\/2025\/06\/ico-fuel.png\" \/><\/th><th class=\"column-6\"><img decoding=\"async\" src=\"https:\/\/milestonebanden.nl\/wp-content\/uploads\/2025\/06\/ico-grip.png\" \/><\/th><th class=\"column-7\"><img decoding=\"async\" src=\"https:\/\/milestonebanden.nl\/wp-content\/uploads\/2025\/06\/ico-noise.png\" \/><\/th><th class=\"column-8\"><img decoding=\"async\" src=\"https:\/\/milestonebanden.nl\/wp-content\/uploads\/2025\/07\/ico-3pmsf.png\" \/><\/th><th class=\"column-9\">EPREL<\/th>\n<\/tr>\n<\/thead>\n<tbody class=\"row-striping row-hover\">\n<tr class=\"row-2\">\n\t<td class=\"column-1\">205 75 R16<\/td><td class=\"column-2\"><\/td><td class=\"column-3\">110<\/td><td class=\"column-4\">T<\/td><td class=\"column-5\"><\/td><td class=\"column-6\"><\/td><td class=\"column-7\"><\/td><td class=\"column-8\"><\/td><td class=\"column-9\"><\/td>\n<\/tr>\n<tr class=\"row-3\">\n\t<td class=\"column-1\">225 75 R16<\/td><td class=\"column-2\"><\/td><td class=\"column-3\">121<\/td><td class=\"column-4\">R<\/td><td class=\"column-5\"><\/td><td class=\"column-6\"><\/td><td class=\"column-7\"><\/td><td class=\"column-8\"><\/td><td class=\"column-9\"><\/td>\n<\/tr>\n<\/tbody>\n<\/table>\n<!-- #tablepress-20 from cache -->[\/dipi_advanced_tabs_item][\/dipi_advanced_tabs][\/et_pb_column][\/et_pb_row][et_pb_row make_equal=&#8220;on&#8220; _builder_version=&#8220;4.27.4&#8243; _module_preset=&#8220;default&#8220; custom_padding=&#8220;0px||||false|false&#8220; global_colors_info=&#8220;{}&#8220;][et_pb_column type=&#8220;4_4&#8243; _builder_version=&#8220;4.27.4&#8243; _module_preset=&#8220;default&#8220; custom_css_main_element=&#8220;margin: auto 0 0;&#8220; global_colors_info=&#8220;{}&#8220;][et_pb_button button_url=&#8220;https:\/\/milestonebanden.nl\/wp-content\/brochures\/Milestone-brochure-DE.pdf&#8220; url_new_window=&#8220;on&#8220; button_text=&#8220;Brosch\u00fcre herunterladen&#8220; button_alignment=&#8220;left&#8220; _builder_version=&#8220;4.27.4&#8243; _module_preset=&#8220;default&#8220; custom_button=&#8220;on&#8220; button_text_color=&#8220;#FFFFFF&#8220; button_bg_color=&#8220;#009c60&#8243; button_border_width=&#8220;0px&#8220; button_border_radius=&#8220;4px&#8220; button_font=&#8220;Ubuntu||||||||&#8220; button_use_icon=&#8220;off&#8220; custom_margin=&#8220;||||false|false&#8220; custom_padding=&#8220;8px||8px||true|false&#8220; global_colors_info=&#8220;{}&#8220; button_bg_color__hover_enabled=&#8220;on|hover&#8220; button_bg_color__hover=&#8220;#007649&#8243; button_bg_enable_color__hover=&#8220;on&#8220;][\/et_pb_button][\/et_pb_column][\/et_pb_row][\/et_pb_section]<\/p>\n","protected":false},"excerpt":{"rendered":"<p>Milestone MW01V Der Milestone MW01V ist ein Winterreifen f\u00fcr leichte Nutzfahrzeuge. Der Reifen kombiniert hohe Tragf\u00e4higkeit mit zuverl\u00e4ssiger Leistung unter winterlichen Bedingungen. Die besonders starke Doppelschichtkonstruktion bietet zuverl\u00e4ssigen Halt f\u00fcr schwere Lasten. Das intelligente Profil leitet Wasser schnell ab und sorgt so f\u00fcr mehr Kontrolle und Sicherheit auf nassen Stra\u00dfen. Spezielles Profil sorgt f\u00fcr Grip [&hellip;]<\/p>\n","protected":false},"author":1,"featured_media":0,"parent":4366,"menu_order":0,"comment_status":"closed","ping_status":"closed","template":"","meta":{"_et_pb_use_builder":"on","_et_pb_old_content":"","_et_gb_content_width":"","footnotes":""},"dipi_cpt_category":[],"class_list":["post-3097","page","type-page","status-publish","hentry"],"yoast_head":"<!-- This site is optimized with the Yoast SEO plugin v27.2 - https:\/\/yoast.com\/product\/yoast-seo-wordpress\/ -->\n<title>Milestone MW01V | Milestone Reifen<\/title>\n<meta name=\"description\" content=\"Der Milestone MW01V ist ein Winterreifen f\u00fcr leichte Nutzfahrzeuge. Der Reifen bietet zuverl\u00e4ssige Leistung bei winterlichen Bedingungen.\" \/>\n<meta name=\"robots\" content=\"index, follow, max-snippet:-1, max-image-preview:large, max-video-preview:-1\" \/>\n<link rel=\"canonical\" href=\"https:\/\/milestonebanden.nl\/mw01v\/\" \/>\n<meta property=\"og:locale\" content=\"de_DE\" \/>\n<meta property=\"og:type\" content=\"article\" \/>\n<meta property=\"og:title\" content=\"Milestone MW01V | Milestone Reifen\" \/>\n<meta property=\"og:description\" content=\"Der Milestone MW01V ist ein Winterreifen f\u00fcr leichte Nutzfahrzeuge. Der Reifen bietet zuverl\u00e4ssige Leistung bei winterlichen Bedingungen.\" \/>\n<meta property=\"og:url\" content=\"https:\/\/milestonebanden.nl\/mw01v\/\" \/>\n<meta property=\"og:site_name\" content=\"Milestone banden\" \/>\n<meta property=\"article:modified_time\" content=\"2025-09-16T09:28:45+00:00\" \/>\n<meta name=\"twitter:card\" content=\"summary_large_image\" \/>\n<meta name=\"twitter:label1\" content=\"Gesch\u00e4tzte Lesezeit\" \/>\n\t<meta name=\"twitter:data1\" content=\"4\u00a0Minuten\" \/>\n<script type=\"application\/ld+json\" class=\"yoast-schema-graph\">{\"@context\":\"https:\/\/schema.org\",\"@graph\":[{\"@type\":\"WebPage\",\"@id\":\"https:\/\/milestonebanden.nl\/mw01v\/\",\"url\":\"https:\/\/milestonebanden.nl\/mw01v\/\",\"name\":\"Milestone MW01V | Milestone Reifen\",\"isPartOf\":{\"@id\":\"https:\/\/milestonebanden.nl\/#website\"},\"datePublished\":\"2025-06-10T06:37:10+00:00\",\"dateModified\":\"2025-09-16T09:28:45+00:00\",\"description\":\"Der Milestone MW01V ist ein Winterreifen f\u00fcr leichte Nutzfahrzeuge. Der Reifen bietet zuverl\u00e4ssige Leistung bei winterlichen Bedingungen.\",\"breadcrumb\":{\"@id\":\"https:\/\/milestonebanden.nl\/mw01v\/#breadcrumb\"},\"inLanguage\":\"de\",\"potentialAction\":[{\"@type\":\"ReadAction\",\"target\":[\"https:\/\/milestonebanden.nl\/mw01v\/\"]}]},{\"@type\":\"BreadcrumbList\",\"@id\":\"https:\/\/milestonebanden.nl\/mw01v\/#breadcrumb\",\"itemListElement\":[{\"@type\":\"ListItem\",\"position\":1,\"name\":\"Home\",\"item\":\"https:\/\/milestonebanden.nl\/de\/\"},{\"@type\":\"ListItem\",\"position\":2,\"name\":\"Milestone MW01V\"}]},{\"@type\":\"WebSite\",\"@id\":\"https:\/\/milestonebanden.nl\/#website\",\"url\":\"https:\/\/milestonebanden.nl\/\",\"name\":\"Milestone banden\",\"description\":\"More than just a journey!\",\"potentialAction\":[{\"@type\":\"SearchAction\",\"target\":{\"@type\":\"EntryPoint\",\"urlTemplate\":\"https:\/\/milestonebanden.nl\/?s={search_term_string}\"},\"query-input\":{\"@type\":\"PropertyValueSpecification\",\"valueRequired\":true,\"valueName\":\"search_term_string\"}}],\"inLanguage\":\"de\"}]}<\/script>\n<!-- \/ Yoast SEO plugin. -->","yoast_head_json":{"title":"Milestone MW01V | Milestone Reifen","description":"Der Milestone MW01V ist ein Winterreifen f\u00fcr leichte Nutzfahrzeuge. Der Reifen bietet zuverl\u00e4ssige Leistung bei winterlichen Bedingungen.","robots":{"index":"index","follow":"follow","max-snippet":"max-snippet:-1","max-image-preview":"max-image-preview:large","max-video-preview":"max-video-preview:-1"},"canonical":"https:\/\/milestonebanden.nl\/mw01v\/","og_locale":"de_DE","og_type":"article","og_title":"Milestone MW01V | Milestone Reifen","og_description":"Der Milestone MW01V ist ein Winterreifen f\u00fcr leichte Nutzfahrzeuge. Der Reifen bietet zuverl\u00e4ssige Leistung bei winterlichen Bedingungen.","og_url":"https:\/\/milestonebanden.nl\/mw01v\/","og_site_name":"Milestone banden","article_modified_time":"2025-09-16T09:28:45+00:00","twitter_card":"summary_large_image","twitter_misc":{"Gesch\u00e4tzte Lesezeit":"4\u00a0Minuten"},"schema":{"@context":"https:\/\/schema.org","@graph":[{"@type":"WebPage","@id":"https:\/\/milestonebanden.nl\/mw01v\/","url":"https:\/\/milestonebanden.nl\/mw01v\/","name":"Milestone MW01V | Milestone Reifen","isPartOf":{"@id":"https:\/\/milestonebanden.nl\/#website"},"datePublished":"2025-06-10T06:37:10+00:00","dateModified":"2025-09-16T09:28:45+00:00","description":"Der Milestone MW01V ist ein Winterreifen f\u00fcr leichte Nutzfahrzeuge. Der Reifen bietet zuverl\u00e4ssige Leistung bei winterlichen Bedingungen.","breadcrumb":{"@id":"https:\/\/milestonebanden.nl\/mw01v\/#breadcrumb"},"inLanguage":"de","potentialAction":[{"@type":"ReadAction","target":["https:\/\/milestonebanden.nl\/mw01v\/"]}]},{"@type":"BreadcrumbList","@id":"https:\/\/milestonebanden.nl\/mw01v\/#breadcrumb","itemListElement":[{"@type":"ListItem","position":1,"name":"Home","item":"https:\/\/milestonebanden.nl\/de\/"},{"@type":"ListItem","position":2,"name":"Milestone MW01V"}]},{"@type":"WebSite","@id":"https:\/\/milestonebanden.nl\/#website","url":"https:\/\/milestonebanden.nl\/","name":"Milestone banden","description":"More than just a journey!","potentialAction":[{"@type":"SearchAction","target":{"@type":"EntryPoint","urlTemplate":"https:\/\/milestonebanden.nl\/?s={search_term_string}"},"query-input":{"@type":"PropertyValueSpecification","valueRequired":true,"valueName":"search_term_string"}}],"inLanguage":"de"}]}},"_links":{"self":[{"href":"https:\/\/milestonebanden.nl\/de\/wp-json\/wp\/v2\/pages\/3097","targetHints":{"allow":["GET"]}}],"collection":[{"href":"https:\/\/milestonebanden.nl\/de\/wp-json\/wp\/v2\/pages"}],"about":[{"href":"https:\/\/milestonebanden.nl\/de\/wp-json\/wp\/v2\/types\/page"}],"author":[{"embeddable":true,"href":"https:\/\/milestonebanden.nl\/de\/wp-json\/wp\/v2\/users\/1"}],"replies":[{"embeddable":true,"href":"https:\/\/milestonebanden.nl\/de\/wp-json\/wp\/v2\/comments?post=3097"}],"version-history":[{"count":6,"href":"https:\/\/milestonebanden.nl\/de\/wp-json\/wp\/v2\/pages\/3097\/revisions"}],"predecessor-version":[{"id":3193,"href":"https:\/\/milestonebanden.nl\/de\/wp-json\/wp\/v2\/pages\/3097\/revisions\/3193"}],"up":[{"embeddable":true,"href":"https:\/\/milestonebanden.nl\/de\/wp-json\/wp\/v2\/pages\/4366"}],"wp:attachment":[{"href":"https:\/\/milestonebanden.nl\/de\/wp-json\/wp\/v2\/media?parent=3097"}],"wp:term":[{"taxonomy":"dipi_cpt_category","embeddable":true,"href":"https:\/\/milestonebanden.nl\/de\/wp-json\/wp\/v2\/dipi_cpt_category?post=3097"}],"curies":[{"name":"wp","href":"https:\/\/api.w.org\/{rel}","templated":true}]}}