{"id":2967,"date":"2025-06-10T07:19:39","date_gmt":"2025-06-10T07:19:39","guid":{"rendered":"https:\/\/milestonebanden.nl\/over-milestone\/"},"modified":"2025-09-16T08:28:25","modified_gmt":"2025-09-16T08:28:25","slug":"ueber-milestone","status":"publish","type":"page","link":"https:\/\/milestonebanden.nl\/de\/ueber-milestone\/","title":{"rendered":"\u00dcber Milestone"},"content":{"rendered":"<p>[et_pb_section fb_built=&#8220;1&#8243; _builder_version=&#8220;4.27.4&#8243; _module_preset=&#8220;default&#8220; use_background_color_gradient=&#8220;on&#8220; background_color_gradient_direction=&#8220;90deg&#8220; background_color_gradient_stops=&#8220;rgba(255,255,255,0.36) 0%|rgba(255,255,255,0) 70%&#8220; background_color_gradient_overlays_image=&#8220;on&#8220; background_image=&#8220;https:\/\/milestonebanden.nl\/wp-content\/uploads\/2025\/06\/bg-milestone.jpg&#8220; custom_padding=&#8220;5%||5%||true|false&#8220; global_colors_info=&#8220;{}&#8220;][et_pb_row _builder_version=&#8220;4.27.4&#8243; _module_preset=&#8220;default&#8220; max_width=&#8220;1280px&#8220; global_colors_info=&#8220;{}&#8220;][et_pb_column type=&#8220;4_4&#8243; _builder_version=&#8220;4.27.4&#8243; _module_preset=&#8220;default&#8220; global_colors_info=&#8220;{}&#8220;][et_pb_text _builder_version=&#8220;4.27.4&#8243; _module_preset=&#8220;default&#8220; text_text_color=&#8220;#FFFFFF&#8220; text_font_size=&#8220;22px&#8220; text_line_height=&#8220;1.8em&#8220; header_2_font=&#8220;|700|||||||&#8220; header_2_text_color=&#8220;#FFFFFF&#8220; header_2_font_size=&#8220;56px&#8220; header_2_font_size_tablet=&#8220;56px&#8220; header_2_font_size_phone=&#8220;38px&#8220; header_2_font_size_last_edited=&#8220;on|phone&#8220; text_text_shadow_style=&#8220;preset1&#8243; header_2_text_shadow_style=&#8220;preset1&#8243; header_2_text_shadow_vertical_length=&#8220;0.04em&#8220; header_2_text_shadow_color=&#8220;rgba(0,0,0,0.8)&#8220; global_colors_info=&#8220;{}&#8220;]<\/p>\n<h2>\u00dcber Milestone<\/h2>\n<p>[\/et_pb_text][\/et_pb_column][\/et_pb_row][\/et_pb_section][et_pb_section fb_built=&#8220;1&#8243; _builder_version=&#8220;4.27.4&#8243; _module_preset=&#8220;default&#8220; background_color=&#8220;#f4f4f4&#8243; custom_padding=&#8220;6%||6%||true|false&#8220; global_colors_info=&#8220;{}&#8220;][et_pb_row column_structure=&#8220;2_3,1_3&#8243; _builder_version=&#8220;4.27.4&#8243; _module_preset=&#8220;default&#8220; global_colors_info=&#8220;{}&#8220;][et_pb_column type=&#8220;2_3&#8243; _builder_version=&#8220;4.27.4&#8243; _module_preset=&#8220;default&#8220; global_colors_info=&#8220;{}&#8220;][et_pb_text _builder_version=&#8220;4.27.4&#8243; _module_preset=&#8220;default&#8220; text_font_size=&#8220;16px&#8220; text_line_height=&#8220;2em&#8220; header_3_font=&#8220;|700|||||||&#8220; header_3_font_size=&#8220;30px&#8220; header_3_font_size_tablet=&#8220;30px&#8220; header_3_font_size_phone=&#8220;20px&#8220; header_3_font_size_last_edited=&#8220;on|phone&#8220; global_colors_info=&#8220;{}&#8220;]<\/p>\n<h3>Milestone Reifen<\/h3>\n<p>Milestone ist eine moderne Reifenmarke, die sich auf Qualit\u00e4t, Zuverl\u00e4ssigkeit und Fahrspa\u00df konzentriert. Mit Liebe zur Technologie und zum Detail entwickeln wir Reifen, die unter verschiedensten Bedingungen zuverl\u00e4ssig Leistung zeigen \u2013 mit Fokus auf Kontrolle, Sicherheit und ein ruhiges Fahrverhalten.<\/p>\n<p><strong>Zuverl\u00e4ssige qualit\u00e4t bei jeder fahrt<\/strong><\/p>\n<p>Unsere Reifen werden auf modernen Produktionslinien hergestellt und erf\u00fcllen h\u00f6chste Sicherheits- und Qualit\u00e4tsstandards. Dank fortschrittlichem Profildesign, langlebigen Materialien und geringem Rollwiderstand vereint Milestone Komfort mit Grip und Effizienz. So bieten wir einen Reifen, der sowohl f\u00fcr den t\u00e4glichen Gebrauch als auch f\u00fcr lange Fahrten geeignet ist.<\/p>\n<p>Milestone ist in einer gro\u00dfen Auswahl an Sommer-, Ganzjahres- und Winterreifen f\u00fcr Pkw, SUV und Nutzfahrzeuge erh\u00e4ltlich.<\/p>\n<p><strong>Milestone, more than just a journey!<\/strong>[\/et_pb_text][\/et_pb_column][et_pb_column type=&#8220;1_3&#8243; _builder_version=&#8220;4.27.4&#8243; _module_preset=&#8220;default&#8220; background_color=&#8220;#FFFFFF&#8220; custom_padding=&#8220;2%|2%|2%|2%|true|true&#8220; custom_padding_tablet=&#8220;2%|2%|2%|2%|true|true&#8220; custom_padding_phone=&#8220;8%|6%|8%|6%|true|true&#8220; custom_padding_last_edited=&#8220;on|phone&#8220; border_radii=&#8220;on|4px|4px|4px|4px&#8220; global_colors_info=&#8220;{}&#8220;][et_pb_text _builder_version=&#8220;4.27.4&#8243; _module_preset=&#8220;default&#8220; text_font_size=&#8220;16px&#8220; text_line_height=&#8220;2em&#8220; header_3_font=&#8220;|700|||||||&#8220; header_3_text_color=&#8220;#009c60&#8243; header_3_font_size=&#8220;24px&#8220; header_3_font_size_tablet=&#8220;24px&#8220; header_3_font_size_phone=&#8220;20px&#8220; header_3_font_size_last_edited=&#8220;on|phone&#8220; global_colors_info=&#8220;{}&#8220;]<\/p>\n<h3>Milestone-Experte<\/h3>\n<p>Unser Spezialist ist gerne f\u00fcr Sie da. Kontaktieren Sie uns unverbindlich.[\/et_pb_text][et_pb_image src=&#8220;https:\/\/milestonebanden.nl\/wp-content\/uploads\/2025\/06\/plr.png&#8220; title_text=&#8220;plr&#8220; _builder_version=&#8220;4.27.4&#8243; _module_preset=&#8220;default&#8220; background_color=&#8220;#f4f4f4&#8243; background_enable_pattern_style=&#8220;on&#8220; background_pattern_style=&#8220;diagonal-stripes-2&#8243; background_pattern_color=&#8220;rgba(0,0,0,0.02)&#8220; custom_padding=&#8220;4%|16%|||false|false&#8220; global_colors_info=&#8220;{}&#8220;][\/et_pb_image][et_pb_button button_url=&#8220;tel:+31168392000&#8243; button_text=&#8220;Kontakt per Telefon&#8220; button_alignment=&#8220;center&#8220; _builder_version=&#8220;4.27.4&#8243; _module_preset=&#8220;default&#8220; custom_button=&#8220;on&#8220; button_text_color=&#8220;#FFFFFF&#8220; button_bg_color=&#8220;#009c60&#8243; button_border_width=&#8220;0px&#8220; button_border_radius=&#8220;4px&#8220; button_font=&#8220;Ubuntu||||||||&#8220; button_use_icon=&#8220;off&#8220; custom_margin=&#8220;||||false|false&#8220; custom_padding=&#8220;8px||8px||true|false&#8220; hover_enabled=&#8220;0&#8243; custom_css_main_element=&#8220;width: 100%!important;&#8220; global_colors_info=&#8220;{}&#8220; button_bg_color__hover_enabled=&#8220;on|hover&#8220; button_bg_color__hover=&#8220;#007649&#8243; button_bg_enable_color__hover=&#8220;on&#8220; sticky_enabled=&#8220;0&#8243;][\/et_pb_button][et_pb_button button_url=&#8220;mailto:sales@inter-sprint.nl&#8220; button_text=&#8220;Kontakt per E-Mail&#8220; button_alignment=&#8220;center&#8220; _builder_version=&#8220;4.27.4&#8243; _module_preset=&#8220;default&#8220; custom_button=&#8220;on&#8220; button_text_color=&#8220;#009c60&#8243; button_bg_color=&#8220;#f4f4f4&#8243; button_border_width=&#8220;0px&#8220; button_border_radius=&#8220;4px&#8220; button_font=&#8220;Ubuntu||||||||&#8220; button_use_icon=&#8220;off&#8220; custom_margin=&#8220;||||false|false&#8220; custom_padding=&#8220;8px||8px||true|false&#8220; custom_css_main_element=&#8220;width: 100%!important;&#8220; global_colors_info=&#8220;{}&#8220; button_bg_color__hover_enabled=&#8220;on|hover&#8220; button_bg_color__hover=&#8220;#eaeaea&#8220; button_bg_enable_color__hover=&#8220;on&#8220;][\/et_pb_button][\/et_pb_column][\/et_pb_row][\/et_pb_section]<\/p>\n","protected":false},"excerpt":{"rendered":"<p>\u00dcber MilestoneMilestone Reifen Milestone ist eine moderne Reifenmarke, die sich auf Qualit\u00e4t, Zuverl\u00e4ssigkeit und Fahrspa\u00df konzentriert. Mit Liebe zur Technologie und zum Detail entwickeln wir Reifen, die unter verschiedensten Bedingungen zuverl\u00e4ssig Leistung zeigen \u2013 mit Fokus auf Kontrolle, Sicherheit und ein ruhiges Fahrverhalten. Zuverl\u00e4ssige qualit\u00e4t bei jeder fahrt Unsere Reifen werden auf modernen Produktionslinien hergestellt [&hellip;]<\/p>\n","protected":false},"author":1,"featured_media":0,"parent":0,"menu_order":0,"comment_status":"closed","ping_status":"closed","template":"","meta":{"_et_pb_use_builder":"on","_et_pb_old_content":"<!-- wp:divi\/placeholder \/-->","_et_gb_content_width":"","footnotes":""},"dipi_cpt_category":[],"class_list":["post-2967","page","type-page","status-publish","hentry"],"yoast_head":"<!-- This site is optimized with the Yoast SEO plugin v27.2 - https:\/\/yoast.com\/product\/yoast-seo-wordpress\/ -->\n<title>\u00dcber Milestone | Milestone Reifen<\/title>\n<meta name=\"description\" content=\"Milestone bietet ein sorgf\u00e4ltig zusammengestelltes Sortiment an Reifen f\u00fcr alle Jahreszeiten \u2013 immer zu besonders attraktiven Preisen.\" \/>\n<meta name=\"robots\" content=\"index, follow, max-snippet:-1, max-image-preview:large, max-video-preview:-1\" \/>\n<link rel=\"canonical\" href=\"https:\/\/milestonebanden.nl\/de\/ueber-milestone\/\" \/>\n<meta property=\"og:locale\" content=\"de_DE\" \/>\n<meta property=\"og:type\" content=\"article\" \/>\n<meta property=\"og:title\" content=\"\u00dcber Milestone | Milestone Reifen\" \/>\n<meta property=\"og:description\" content=\"Milestone bietet ein sorgf\u00e4ltig zusammengestelltes Sortiment an Reifen f\u00fcr alle Jahreszeiten \u2013 immer zu besonders attraktiven Preisen.\" \/>\n<meta property=\"og:url\" content=\"https:\/\/milestonebanden.nl\/de\/ueber-milestone\/\" \/>\n<meta property=\"og:site_name\" content=\"Milestone banden\" \/>\n<meta property=\"article:modified_time\" content=\"2025-09-16T08:28:25+00:00\" \/>\n<meta name=\"twitter:card\" content=\"summary_large_image\" \/>\n<meta name=\"twitter:label1\" content=\"Gesch\u00e4tzte Lesezeit\" \/>\n\t<meta name=\"twitter:data1\" content=\"1\u00a0Minute\" \/>\n<script type=\"application\/ld+json\" class=\"yoast-schema-graph\">{\"@context\":\"https:\/\/schema.org\",\"@graph\":[{\"@type\":\"WebPage\",\"@id\":\"https:\/\/milestonebanden.nl\/de\/ueber-milestone\/\",\"url\":\"https:\/\/milestonebanden.nl\/de\/ueber-milestone\/\",\"name\":\"\u00dcber Milestone | Milestone Reifen\",\"isPartOf\":{\"@id\":\"https:\/\/milestonebanden.nl\/#website\"},\"datePublished\":\"2025-06-10T07:19:39+00:00\",\"dateModified\":\"2025-09-16T08:28:25+00:00\",\"description\":\"Milestone bietet ein sorgf\u00e4ltig zusammengestelltes Sortiment an Reifen f\u00fcr alle Jahreszeiten \u2013 immer zu besonders attraktiven Preisen.\",\"breadcrumb\":{\"@id\":\"https:\/\/milestonebanden.nl\/de\/ueber-milestone\/#breadcrumb\"},\"inLanguage\":\"de\",\"potentialAction\":[{\"@type\":\"ReadAction\",\"target\":[\"https:\/\/milestonebanden.nl\/de\/ueber-milestone\/\"]}]},{\"@type\":\"BreadcrumbList\",\"@id\":\"https:\/\/milestonebanden.nl\/de\/ueber-milestone\/#breadcrumb\",\"itemListElement\":[{\"@type\":\"ListItem\",\"position\":1,\"name\":\"Home\",\"item\":\"https:\/\/milestonebanden.nl\/de\/\"},{\"@type\":\"ListItem\",\"position\":2,\"name\":\"\u00dcber Milestone\"}]},{\"@type\":\"WebSite\",\"@id\":\"https:\/\/milestonebanden.nl\/#website\",\"url\":\"https:\/\/milestonebanden.nl\/\",\"name\":\"Milestone banden\",\"description\":\"More than just a journey!\",\"potentialAction\":[{\"@type\":\"SearchAction\",\"target\":{\"@type\":\"EntryPoint\",\"urlTemplate\":\"https:\/\/milestonebanden.nl\/?s={search_term_string}\"},\"query-input\":{\"@type\":\"PropertyValueSpecification\",\"valueRequired\":true,\"valueName\":\"search_term_string\"}}],\"inLanguage\":\"de\"}]}<\/script>\n<!-- \/ Yoast SEO plugin. -->","yoast_head_json":{"title":"\u00dcber Milestone | Milestone Reifen","description":"Milestone bietet ein sorgf\u00e4ltig zusammengestelltes Sortiment an Reifen f\u00fcr alle Jahreszeiten \u2013 immer zu besonders attraktiven Preisen.","robots":{"index":"index","follow":"follow","max-snippet":"max-snippet:-1","max-image-preview":"max-image-preview:large","max-video-preview":"max-video-preview:-1"},"canonical":"https:\/\/milestonebanden.nl\/de\/ueber-milestone\/","og_locale":"de_DE","og_type":"article","og_title":"\u00dcber Milestone | Milestone Reifen","og_description":"Milestone bietet ein sorgf\u00e4ltig zusammengestelltes Sortiment an Reifen f\u00fcr alle Jahreszeiten \u2013 immer zu besonders attraktiven Preisen.","og_url":"https:\/\/milestonebanden.nl\/de\/ueber-milestone\/","og_site_name":"Milestone banden","article_modified_time":"2025-09-16T08:28:25+00:00","twitter_card":"summary_large_image","twitter_misc":{"Gesch\u00e4tzte Lesezeit":"1\u00a0Minute"},"schema":{"@context":"https:\/\/schema.org","@graph":[{"@type":"WebPage","@id":"https:\/\/milestonebanden.nl\/de\/ueber-milestone\/","url":"https:\/\/milestonebanden.nl\/de\/ueber-milestone\/","name":"\u00dcber Milestone | Milestone Reifen","isPartOf":{"@id":"https:\/\/milestonebanden.nl\/#website"},"datePublished":"2025-06-10T07:19:39+00:00","dateModified":"2025-09-16T08:28:25+00:00","description":"Milestone bietet ein sorgf\u00e4ltig zusammengestelltes Sortiment an Reifen f\u00fcr alle Jahreszeiten \u2013 immer zu besonders attraktiven Preisen.","breadcrumb":{"@id":"https:\/\/milestonebanden.nl\/de\/ueber-milestone\/#breadcrumb"},"inLanguage":"de","potentialAction":[{"@type":"ReadAction","target":["https:\/\/milestonebanden.nl\/de\/ueber-milestone\/"]}]},{"@type":"BreadcrumbList","@id":"https:\/\/milestonebanden.nl\/de\/ueber-milestone\/#breadcrumb","itemListElement":[{"@type":"ListItem","position":1,"name":"Home","item":"https:\/\/milestonebanden.nl\/de\/"},{"@type":"ListItem","position":2,"name":"\u00dcber Milestone"}]},{"@type":"WebSite","@id":"https:\/\/milestonebanden.nl\/#website","url":"https:\/\/milestonebanden.nl\/","name":"Milestone banden","description":"More than just a journey!","potentialAction":[{"@type":"SearchAction","target":{"@type":"EntryPoint","urlTemplate":"https:\/\/milestonebanden.nl\/?s={search_term_string}"},"query-input":{"@type":"PropertyValueSpecification","valueRequired":true,"valueName":"search_term_string"}}],"inLanguage":"de"}]}},"_links":{"self":[{"href":"https:\/\/milestonebanden.nl\/de\/wp-json\/wp\/v2\/pages\/2967","targetHints":{"allow":["GET"]}}],"collection":[{"href":"https:\/\/milestonebanden.nl\/de\/wp-json\/wp\/v2\/pages"}],"about":[{"href":"https:\/\/milestonebanden.nl\/de\/wp-json\/wp\/v2\/types\/page"}],"author":[{"embeddable":true,"href":"https:\/\/milestonebanden.nl\/de\/wp-json\/wp\/v2\/users\/1"}],"replies":[{"embeddable":true,"href":"https:\/\/milestonebanden.nl\/de\/wp-json\/wp\/v2\/comments?post=2967"}],"version-history":[{"count":7,"href":"https:\/\/milestonebanden.nl\/de\/wp-json\/wp\/v2\/pages\/2967\/revisions"}],"predecessor-version":[{"id":3055,"href":"https:\/\/milestonebanden.nl\/de\/wp-json\/wp\/v2\/pages\/2967\/revisions\/3055"}],"wp:attachment":[{"href":"https:\/\/milestonebanden.nl\/de\/wp-json\/wp\/v2\/media?parent=2967"}],"wp:term":[{"taxonomy":"dipi_cpt_category","embeddable":true,"href":"https:\/\/milestonebanden.nl\/de\/wp-json\/wp\/v2\/dipi_cpt_category?post=2967"}],"curies":[{"name":"wp","href":"https:\/\/api.w.org\/{rel}","templated":true}]}}